{"id":798,"date":"2013-07-15T10:46:58","date_gmt":"2013-07-15T08:46:58","guid":{"rendered":"http:\/\/dmc-online.com\/wordpress\/?page_id=798"},"modified":"2019-08-08T21:54:30","modified_gmt":"2019-08-08T19:54:30","slug":"versicherung","status":"publish","type":"page","link":"https:\/\/dmc-online.com\/wordpress\/downloads\/versicherung\/","title":{"rendered":"Versicherung"},"content":{"rendered":"<p>Die nachfolgenden Dateien stehen zum Download bereit:<\/p>\n<p><strong>Infos zur DMC Versicherung<\/strong><br \/>\n<img src=\"\/wordpress\/wp-content\/themes\/dmc-online\/images\/pdf.gif\" alt=\"\" \/>\u00a0<a href=\"https:\/\/dmc-online.org\/wordpress\/wp-content\/uploads\/2013\/07\/DMC-Versicherung-1.pdf\" target=\"_blank\" rel=\"\">Die DMC-Versicherungen<\/a><\/p>\n<p><strong>Zusatzversicherung<\/strong><br \/>\n<img src=\"\/wordpress\/wp-content\/themes\/dmc-online\/images\/pdf.gif\" alt=\"\" \/> <a href=\"http:\/\/www.dmc-online.com\/NeueSeite\/documents\/zusatzversicherung.PDF\" target=\"_blank\">Antrag auf Zusatzversicherung<\/a> (interaktiv)*<\/p>\n<p><strong>Schadensformular<\/strong><br \/>\n<img src=\"\/wordpress\/wp-content\/themes\/dmc-online\/images\/pdf.gif\" alt=\"\" \/>\u00a0<a href=\"https:\/\/dmc-online.org\/wordpress\/wp-content\/uploads\/2013\/07\/Schadenanzeige.pdf\" target=\"_blank\" rel=\"\">Schadensanzeige<\/a><\/p>\n<p><strong>DMC-Versicherungen<\/strong><br \/>\n<img src=\"\/wordpress\/wp-content\/themes\/dmc-online\/images\/pdf.gif\" alt=\"\" \/>\u00a0<a href=\"http:\/\/www.dmc-online.com\/NeueSeite\/documents\/MerkblattVersicherung.pdf\">Merkblatt \u00fcber den Haftpflicht-Versicherungsschutz<\/a><br \/>\n<img src=\"\/wordpress\/wp-content\/themes\/dmc-online\/images\/pdf.gif\" alt=\"\" \/> <a href=\"https:\/\/dmc-online.org\/wordpress\/wp-content\/uploads\/2013\/07\/DMC-Versicherung2016_Matrix.pdf\">DMC &#8211; Versicherung Matrix Haftpflicht<\/a><\/p>\n<p><strong>Versicherungen f\u00fcr Vorst\u00e4nde<\/strong><br \/>\n<img src=\"\/wordpress\/wp-content\/themes\/dmc-online\/images\/pdf.gif\" alt=\"\" \/>\u00a0<a href=\"https:\/\/dmc-online.org\/wordpress\/wp-content\/uploads\/2014\/08\/Antrag-Gothaer-DO-Vereine-2012.pdf\">Antrag Versicherung f\u00fcr Vorst\u00e4nde<\/a><br \/>\n<img src=\"\/wordpress\/wp-content\/themes\/dmc-online\/images\/pdf.gif\" alt=\"\" \/>\u00a0<a href=\"https:\/\/dmc-online.org\/wordpress\/wp-content\/uploads\/2014\/08\/Beispiele-fuer-Schadensituationen-bei-Vereinen.pdf\">Beispiele f\u00fcr Schadensituationen bei Vereinen<\/a><br \/>\n<img src=\"\/wordpress\/wp-content\/themes\/dmc-online\/images\/pdf.gif\" alt=\"\" \/>\u00a0<a href=\"https:\/\/dmc-online.org\/wordpress\/wp-content\/uploads\/2013\/07\/Angebotsanforderungen-GewerbeProtect-Versicherung.pdf\" target=\"_blank\" rel=\"\">Angebotsanforderung GewerbeProtect-Versicherung<\/a><br \/>\n<img src=\"\/wordpress\/wp-content\/themes\/dmc-online\/images\/pdf.gif\" alt=\"\" \/>\u00a0<a href=\"https:\/\/dmc-online.org\/wordpress\/wp-content\/uploads\/2013\/07\/Angebotsanforderungen-VSH-DG-Deckung.pdf\" target=\"_blank\" rel=\"\">Angebotsanforderung VSH-D&amp;G-Deckung<\/a><\/p>\n<p>Hinweis: Zum \u00d6ffnen der PDF-Dokumente ben\u00f6tigen sie den kostenlosen Adobe\u00ae-Reader von Adobe\u00ae.<\/p>\n<p>* Bei manchen Browsern (haupts\u00e4chlich Firefox\/Google Chrome) kann es zu Fehlermeldungen bei den interaktiven Formularen kommen.<br \/>\nIn diesem Fall bitte das entsprechende Formular \u00fcber das Kontextmen\u00fc (Rechter Mausklick auf das Formular\/Verlinkten Inhalt speichern) downloaden, und anschlie\u00dfend mit Adobe\u00ae-Reader \u00f6ffnen.<\/p>\n","protected":false},"excerpt":{"rendered":"<p>Die nachfolgenden Dateien stehen zum Download bereit: Infos zur DMC Versicherung \u00a0Die DMC-Versicherungen Zusatzversicherung Antrag auf Zusatzversicherung (interaktiv)* Schadensformular \u00a0Schadensanzeige DMC-Versicherungen \u00a0Merkblatt \u00fcber den Haftpflicht-Versicherungsschutz DMC &#8211; Versicherung Matrix Haftpflicht Versicherungen f\u00fcr Vorst\u00e4nde \u00a0Antrag Versicherung f\u00fcr Vorst\u00e4nde \u00a0Beispiele f\u00fcr Schadensituationen bei Vereinen \u00a0Angebotsanforderung GewerbeProtect-Versicherung \u00a0Angebotsanforderung VSH-D&amp;G-Deckung Hinweis: Zum \u00d6ffnen der PDF-Dokumente ben\u00f6tigen sie den kostenlosen [&hellip;]<\/p>\n","protected":false},"author":1,"featured_media":0,"parent":18,"menu_order":0,"comment_status":"closed","ping_status":"open","template":"","meta":[],"_links":{"self":[{"href":"https:\/\/dmc-online.com\/wordpress\/wp-json\/wp\/v2\/pages\/798"}],"collection":[{"href":"https:\/\/dmc-online.com\/wordpress\/wp-json\/wp\/v2\/pages"}],"about":[{"href":"https:\/\/dmc-online.com\/wordpress\/wp-json\/wp\/v2\/types\/page"}],"author":[{"embeddable":true,"href":"https:\/\/dmc-online.com\/wordpress\/wp-json\/wp\/v2\/users\/1"}],"replies":[{"embeddable":true,"href":"https:\/\/dmc-online.com\/wordpress\/wp-json\/wp\/v2\/comments?post=798"}],"version-history":[{"count":21,"href":"https:\/\/dmc-online.com\/wordpress\/wp-json\/wp\/v2\/pages\/798\/revisions"}],"predecessor-version":[{"id":9617,"href":"https:\/\/dmc-online.com\/wordpress\/wp-json\/wp\/v2\/pages\/798\/revisions\/9617"}],"up":[{"embeddable":true,"href":"https:\/\/dmc-online.com\/wordpress\/wp-json\/wp\/v2\/pages\/18"}],"wp:attachment":[{"href":"https:\/\/dmc-online.com\/wordpress\/wp-json\/wp\/v2\/media?parent=798"}],"curies":[{"name":"wp","href":"https:\/\/api.w.org\/{rel}","templated":true}]}}