{"id":794,"date":"2013-07-15T10:46:31","date_gmt":"2013-07-15T08:46:31","guid":{"rendered":"http:\/\/dmc-online.com\/wordpress\/?page_id=794"},"modified":"2022-05-27T21:33:48","modified_gmt":"2022-05-27T19:33:48","slug":"daten-fuer-zeitnahmeprogramm","status":"publish","type":"page","link":"https:\/\/dmc-online.com\/wordpress\/downloads\/daten-fuer-zeitnahmeprogramm\/","title":{"rendered":"Daten f\u00fcr Zeitnahmeprogramm"},"content":{"rendered":"<h2><strong>Hinweis: Falls der Download der einzelnen Dateien wegen Sicherheitseinstellungen des Browsers \/ Windows\u00a0 nicht funktioniert: Die Datei mit einen rechten Mausklick und\u00a0 Link speichern unter herunterladen.<\/strong><\/h2>\n<p>Die nachfolgenden Dateien stehen zum Download bereit:<\/p>\n<p><strong>DMC-Mitglieder-Daten f\u00fcr das Rundenz\u00e4hlprogramm &#8218;Race Control&#8216; <\/strong><br \/>\nMit diesen Daten k\u00f6nnen Sie die Teilnehmerdatei Ihres &#8218;Race-Control&#8216; Programms aktualisieren. Bitte beachten Sie zum Einspielen der Daten in Ihr Programm die Bedienungsanleitung.<br \/>\n<img src=\"\/wordpress\/wp-content\/themes\/dmc-online\/images\/zip.gif\" alt=\"\" \/> <a href=\"https:\/\/www.dmc-online.com\/NeueSeite\/downloads\/dmcdatenrcount.zip\">Download<\/a><\/p>\n<p><strong>DMC-Mitglieder-Daten f\u00fcr das Rundenz\u00e4hlprogramm &#8218;HUI &#8211; Rennzeitnahme Programm&#8216; <\/strong><br \/>\nMit diesen Daten k\u00f6nnen Sie die Teilnehmerdatei Ihres &#8218;HUI &#8211; Rennzeitnahme Programms&#8216; aktualisieren. Bitte beachten Sie zum Einspielen der Daten in Ihr Programm die Bedienungsanleitung.<br \/>\n<img src=\"\/wordpress\/wp-content\/themes\/dmc-online\/images\/zip.gif\" alt=\"\" \/> <a href=\"https:\/\/www.dmc-online.com\/NeueSeite\/downloads\/HUI_DMC_Daten.zip\">Download<\/a><\/p>\n<p><strong>DMC-Mitglieder-Daten f\u00fcr das Rundenz\u00e4hlprogramm &#8218;Race Control Management&#8216; <\/strong><br \/>\nMit diesen Daten k\u00f6nnen Sie die Teilnehmerdatei Ihres &#8218;Race Control Management&#8216; Programms aktualisieren. Bitte beachten Sie zum Einspielen der Daten in Ihr Programm die Bedienungsanleitung.<br \/>\n<img src=\"\/wordpress\/wp-content\/themes\/dmc-online\/images\/zip.gif\" alt=\"\" \/> <a href=\"https:\/\/www.dmc-online.com\/NeueSeite\/downloads\/RCM.DMC.Data.arv\">Download<\/a><\/p>\n<p>&nbsp;<\/p>\n","protected":false},"excerpt":{"rendered":"<p>Hinweis: Falls der Download der einzelnen Dateien wegen Sicherheitseinstellungen des Browsers \/ Windows\u00a0 nicht funktioniert: Die Datei mit einen rechten Mausklick und\u00a0 Link speichern unter herunterladen. Die nachfolgenden Dateien stehen zum Download bereit: DMC-Mitglieder-Daten f\u00fcr das Rundenz\u00e4hlprogramm &#8218;Race Control&#8216; Mit diesen Daten k\u00f6nnen Sie die Teilnehmerdatei Ihres &#8218;Race-Control&#8216; Programms aktualisieren. Bitte beachten Sie zum Einspielen [&hellip;]<\/p>\n","protected":false},"author":1,"featured_media":0,"parent":18,"menu_order":0,"comment_status":"closed","ping_status":"open","template":"","meta":[],"_links":{"self":[{"href":"https:\/\/dmc-online.com\/wordpress\/wp-json\/wp\/v2\/pages\/794"}],"collection":[{"href":"https:\/\/dmc-online.com\/wordpress\/wp-json\/wp\/v2\/pages"}],"about":[{"href":"https:\/\/dmc-online.com\/wordpress\/wp-json\/wp\/v2\/types\/page"}],"author":[{"embeddable":true,"href":"https:\/\/dmc-online.com\/wordpress\/wp-json\/wp\/v2\/users\/1"}],"replies":[{"embeddable":true,"href":"https:\/\/dmc-online.com\/wordpress\/wp-json\/wp\/v2\/comments?post=794"}],"version-history":[{"count":40,"href":"https:\/\/dmc-online.com\/wordpress\/wp-json\/wp\/v2\/pages\/794\/revisions"}],"predecessor-version":[{"id":13259,"href":"https:\/\/dmc-online.com\/wordpress\/wp-json\/wp\/v2\/pages\/794\/revisions\/13259"}],"up":[{"embeddable":true,"href":"https:\/\/dmc-online.com\/wordpress\/wp-json\/wp\/v2\/pages\/18"}],"wp:attachment":[{"href":"https:\/\/dmc-online.com\/wordpress\/wp-json\/wp\/v2\/media?parent=794"}],"curies":[{"name":"wp","href":"https:\/\/api.w.org\/{rel}","templated":true}]}}