{"id":7712,"date":"2018-05-20T21:10:49","date_gmt":"2018-05-20T19:10:49","guid":{"rendered":"http:\/\/dmc-online.com\/wordpress\/?page_id=7712"},"modified":"2020-06-05T20:57:43","modified_gmt":"2020-06-05T18:57:43","slug":"datenschutz","status":"publish","type":"page","link":"https:\/\/dmc-online.com\/wordpress\/datenschutz\/","title":{"rendered":"Datenschutzerkl\u00e4rung"},"content":{"rendered":"<p>Der Schutz Ihrer Privatsph\u00e4re ist uns ein wichtiges Anliegen. Deshalb m\u00f6chten wir Sie eindringlich bitten, die nachfolgende Zusammenfassung \u00fcber die Funktionsweise unserer<\/p>\n<p>Webseite <strong><em>www.dmc-online.com<\/em><\/strong> aufmerksam zu lesen.<\/p>\n<p>Die hier aufgef\u00fchrte Datenschutzerkl\u00e4rung entspricht den Richtlinien der DSGVO und des BDSG. Sie soll \u00fcber die Art, den Zweck und die Verwendung personenbezogener Daten durch den Websitebetreiber DMC e.V. informieren.<\/p>\n<p>Gleichwohl unsere Seite mit verschieden Sicherheitsvorkehrungen ausgestattet ist, kann kein vollst\u00e4ndiger Schutz Ihrer Daten gew\u00e4hrleistet werden, da Sicherheitsl\u00fccken im Internet nicht ausgeschlossen werden k\u00f6nnen. Sollten Sie Anliegen bzgl. der Erhebung Ihrer Daten haben, finden Sie am Ende des Textes die entsprechenden Kontaktdaten unserer Ansprechpartner.<\/p>\n<p><strong>Personenbezogene Daten<\/strong><br \/>\nDie Funktion und die Kommunikation unsere Services sind auf die Daten unserer Nutzer angewiesen. Dabei sind personenbezogene Daten besonders sensibel \u2013 damit sind alle Informationen gemeint, welche sich eindeutig auf eine bestimmte, nat\u00fcrliche Person zur\u00fcckf\u00fchren lassen. Laut DSGVO besteht f\u00fcr uns die Verpflichtung, den gesamten Umfang aller derartigen Daten aufzulisten. Durch die Nutzung unserer Seite werden bestimmte personenbezogenen Daten nach DSGVO erhoben:<\/p>\n<p><em>E-Mail-Adresse<\/em><br \/>\n<em>IP-Adresse<\/em><\/p>\n<p>Diese Daten fallen an, wenn Sie folgende Funktionen benutzen:<\/p>\n<p><em>Kontaktformular<\/em><br \/>\nWir versichern, dass diese erfassten Daten ausschlie\u00dflich dem Funktionieren, der Kommunikation und der statistischen Auswertung und der Verbesserung unseres Angebotes dienen. Laut geltenden Vorschriften werden diese Daten nur f\u00fcr die Zeit erhoben, wie Sie unseren Service nutzen. Die gesetzlich geltenden L\u00f6schvorschriften werden eingehalten.<\/p>\n<p><strong>Wie wir Daten erheben<\/strong><\/p>\n<p><em>Log-Dateien<\/em><\/p>\n<p>Eine Logdatei wird im Zuge eines automatischen Protokolls des verarbeitenden Computersystems erstellt. Das bedeutet, dass Informationen Ihres verwendeten Endger\u00e4tes als Logfiles auf einem Server festgehalten werden.<\/p>\n<p>Unser Seitenprovider f\u00fchrt eine Log-Dateienanalyse durch und protokolliert dabei:<\/p>\n<p><em>\u00b7\u00a0\u00a0\u00a0\u00a0\u00a0\u00a0 Zugriff auf die Seite: Datum, Uhrzeit, H\u00e4ufigkeit<\/em><\/p>\n<p><em>\u00b7\u00a0\u00a0\u00a0\u00a0\u00a0\u00a0 Wie Sie auf die Seite gelangt sind (vorherige Seite, Hyperlink etc.)<\/em><\/p>\n<p><em>\u00b7\u00a0\u00a0\u00a0\u00a0\u00a0\u00a0 Menge der gesendeten Daten<\/em><\/p>\n<p><em>\u00b7\u00a0\u00a0\u00a0\u00a0\u00a0\u00a0 Welchen Browser und welche Version desselben Sie verwenden<\/em><\/p>\n<p><em>\u00b7\u00a0\u00a0\u00a0\u00a0\u00a0\u00a0 Ihre IP-Adresse\u00a0verk\u00fcrzt um das letzte Oktett (anonymisiert)<\/em><\/p>\n<p>Auch hier dienen die erhobenen Daten lediglich der Verbesserung unseres Angebotes. Wir d\u00fcrfen \/ Der Betreiber darf Server-Logfiles nur dann l\u00e4nger speichern, herausgeben oder nachtr\u00e4glich auf diese zugreifen, wenn dies im rechtlichen Rahmen gestattet ist (z.B. bei Verdacht auf rechtswidrige Aktivit\u00e4ten).<\/p>\n<p><strong>Cookies<\/strong><\/p>\n<p>Bei Besuch unserer Webseiten verwenden wir sogenannte Session-IDs (auch tempor\u00e4re Cookies genannt). Dies sind Nummern, die kurzfristig auf Ihrem Rechner abgelegt werden. Gem\u00e4\u00df Art. 6 Abs. 1 lit. f DSGVO werden die Daten im Interesse verarbeitet, den Besuch der Webseiten besser steuern zu k\u00f6nnen. Diese Session-IDs werden automatisch mit Verlassen unseres Web-Angebots gel\u00f6scht, es findet damit keinerlei Speicherung von Daten auf Ihrem Rechner statt. Sie k\u00f6nnen Ihren Browser so einstellen, dass er Sie \u00fcber die Verwendung von Cookies informiert. So wird der Gebrauch f\u00fcr Sie transparent.<\/p>\n<p><strong>Webanalysediente<\/strong><br \/>\nUnser Dienstleister verwendet WebAnalytics. Dieser Dienst erm\u00f6glicht es uns, durch Erstellen von Reports die Nutzung unserer Webseite nachzuvollziehen und somit unser Angebot auf die Nachfragen der Benutzer anzupassen. Laut Vorlagen der Datenschutzerkl\u00e4rung sind wir verpflichtet, Sie \u00fcber die Arbeitsweise dieses Dienstes aufzukl\u00e4ren.<\/p>\n<p>Daten, welche von WebAnalytics generiert werden, umfassen:<\/p>\n<p><em>&#8211; Art des Browsers plus dessen Version<\/em><br \/>\n<em>&#8211; Das Betriebssystem, welches Sie verwenden<\/em><br \/>\n<em>&#8211; Wie lange Sie auf unserer Seite bleiben<\/em><br \/>\n<em>&#8211; Die zuvor besuchte Webseite<\/em><br \/>\n<em>&#8211; Die IP-Adresse des anfragenden Rechners verk\u00fcrzt um das letzte Oktett (anonymisiert)<\/em><\/p>\n<p><strong>Datenweitergabe an Dritte<\/strong><br \/>\nGrunds\u00e4tzlich werden Ihre Daten von uns nicht an Dritte vermittelt. Au\u00dferdem stellen wir durch entsprechende Ma\u00dfnahmen und regelm\u00e4\u00dfige Kontrollen sicher, dass die von uns erhobenen Daten nicht durch Dritte von au\u00dfen eingesehen oder abgegriffen werden k\u00f6nnen.<\/p>\n<p><strong>Social Bookmarks<\/strong><\/p>\n<p>Auf unserer Webseite bieten wir die M\u00f6glichkeit, \u00fcber externe Links Inhalte auf sozialen Netzwerken oder per Mail zu teilen. Benutzen Sie diese, werden Sie auf die Seiten der Anbieter weiter geleitet und entsprechende Nutzerinformationen weitergegeben.<\/p>\n<p>Wenn Sie w\u00e4hrend der Benutzung unserer Seite auf einem dieser sozialen Netzwerke mit Ihrem Konto angemeldet sind und unsere Inhalte teilen m\u00f6chten, dann werden diese Informationen mit Ihrem jeweiligen Konto verkn\u00fcpft. Wir als Betreiber haben keinen Einfluss auf die Daten, welche durch Plug-Ins an entsprechende Server vermittelt werden. In der Regel wird die IP-Adresse \u00fcbertragen.<\/p>\n<p>Weitere Informationen zum Umgang mit Ihren Daten entnehmen Sie bitte der Datenschutzerkl\u00e4rung des jeweiligen Anbieters:<\/p>\n<p>Facebook: https:\/\/de-de.facebook.com\/policy.php<\/p>\n<p>Google+: https:\/\/www.google.com\/intl\/de\/policies\/privacy\/<\/p>\n<p>LinkedIn: https:\/\/www.linkedin.com\/legal\/privacy-policy?_l=de_DE<\/p>\n<p>Twitter: https:\/\/twitter.com\/de\/privacy<\/p>\n<p>&nbsp;<\/p>\n<p><strong>Ihre Rechte<\/strong><\/p>\n<p>Selbstverst\u00e4ndlich haben Sie in Bezug auf die Erhebung Ihrer Daten Rechte. Laut geltendem Gesetz sind wir dazu verpflichtet, Sie \u00fcber dieselben aufzukl\u00e4ren. Die Inanspruchnahme und Durchf\u00fchrung dieser Rechte ist f\u00fcr Sie kostenlos.<\/p>\n<p><strong>Widerrufsrecht<\/strong><\/p>\n<p>Sie haben das Recht, Ihre Einwilligung bzgl. der Erhebung von Daten jederzeit zu widerrufen. Dieses Recht gilt mit Wirkung f\u00fcr die Zukunft; die bis zur Rechtkraft des Widerrufs erhobenen Daten bleiben hiervon unber\u00fchrt.<\/p>\n<p>Folgen Sie diesem Link, wenn Sie von Ihrem Widerrufsrecht Gebrauch machen m\u00f6chten: <a href=\"mailto:widerruf@dmc-online.com\">widerruf@dmc-online.com<\/a><\/p>\n<p><strong>Recht auf Daten\u00fcbertragbarkeit<\/strong><\/p>\n<p>Sie haben das Recht, eine \u00dcbertragung Ihrer Daten von uns auf eine andere Stelle zu beantragen.<\/p>\n<p><strong>Recht auf Berechtigung, L\u00f6schung oder Sperrung<\/strong><\/p>\n<p>Sie haben das Recht, Ihre Daten berichtigen, l\u00f6schen oder sperren zu lassen. Letzteres kommt zur Anwendung, wenn die gesetzliche Lage eine L\u00f6schung nicht zul\u00e4sst.<\/p>\n<p><strong>Beschwerderecht<\/strong><\/p>\n<p>Sie haben das Recht, sich bei einer Aufsichtsbeh\u00f6rde bzw. einer zust\u00e4ndigen Stelle zu beschweren, insofern Sie einen Grund zur Beanstandung haben sollten. F\u00fcr die Inanspruchnahme dieses Rechts und der zwei vorher genannten wenden Sie sich bitte an die am Ende dieser Datenschutzerkl\u00e4rung aufgef\u00fchrten Kontaktpersonen.<\/p>\n<p><strong>Verantwortlich f\u00fcr die Datenerhebung<\/strong><\/p>\n<p>F\u00fcr Fragen, Auskunftsersuche, Antr\u00e4ge, Beschwerden oder Kritik hinsichtlich unseres Datenschutzes k\u00f6nnen Sie sich an folgende Stelle wenden:<\/p>\n<p>Werner Schwarz (datenschutz@dmc-online.com)<\/p>\n<p><strong><br \/>\n<\/strong><\/p>\n<p><strong>Datenschutzbeauftragter<\/strong><\/p>\n<p>Die korrekte Umsetzung des Datenschutzes wird bei uns von einem Datenschutzbeauftragten \u00fcbersehen. Wenn Sie Anliegen hinsichtlich der Verarbeitung Ihrer pers\u00f6nlichen Daten haben, besteht zudem die M\u00f6glichkeit, sich direkt mit diesem in Verbindung zu setzen.<\/p>\n<p>Werner Schwarz, Walmesbach3, 66606 St.Wendel; vizepraesident@dmc-online.com<\/p>\n<p>&nbsp;<\/p>\n<p><strong>\u00c4nderung der Datenschutzerkl\u00e4rung<\/strong><\/p>\n<p>Wir als Verantwortliche behalten es uns vor, die Datenschutzerkl\u00e4rung jederzeit im Hinblick auf geltende Datenschutzvorschriften zu ver\u00e4ndern. Derzeitiger Stand ist Juni\u00a0<em>2020<\/em><\/p>\n","protected":false},"excerpt":{"rendered":"<p>Der Schutz Ihrer Privatsph\u00e4re ist uns ein wichtiges Anliegen. Deshalb m\u00f6chten wir Sie eindringlich bitten, die nachfolgende Zusammenfassung \u00fcber die Funktionsweise unserer Webseite www.dmc-online.com aufmerksam zu lesen. Die hier aufgef\u00fchrte Datenschutzerkl\u00e4rung entspricht den Richtlinien der DSGVO und des BDSG. Sie soll \u00fcber die Art, den Zweck und die Verwendung personenbezogener Daten durch den Websitebetreiber DMC [&hellip;]<\/p>\n","protected":false},"author":3,"featured_media":0,"parent":0,"menu_order":0,"comment_status":"closed","ping_status":"closed","template":"","meta":[],"_links":{"self":[{"href":"https:\/\/dmc-online.com\/wordpress\/wp-json\/wp\/v2\/pages\/7712"}],"collection":[{"href":"https:\/\/dmc-online.com\/wordpress\/wp-json\/wp\/v2\/pages"}],"about":[{"href":"https:\/\/dmc-online.com\/wordpress\/wp-json\/wp\/v2\/types\/page"}],"author":[{"embeddable":true,"href":"https:\/\/dmc-online.com\/wordpress\/wp-json\/wp\/v2\/users\/3"}],"replies":[{"embeddable":true,"href":"https:\/\/dmc-online.com\/wordpress\/wp-json\/wp\/v2\/comments?post=7712"}],"version-history":[{"count":9,"href":"https:\/\/dmc-online.com\/wordpress\/wp-json\/wp\/v2\/pages\/7712\/revisions"}],"predecessor-version":[{"id":11287,"href":"https:\/\/dmc-online.com\/wordpress\/wp-json\/wp\/v2\/pages\/7712\/revisions\/11287"}],"wp:attachment":[{"href":"https:\/\/dmc-online.com\/wordpress\/wp-json\/wp\/v2\/media?parent=7712"}],"curies":[{"name":"wp","href":"https:\/\/api.w.org\/{rel}","templated":true}]}}