{"id":714,"date":"2013-05-02T13:27:12","date_gmt":"2013-05-02T11:27:12","guid":{"rendered":"http:\/\/dmc-online.com\/wordpress\/?page_id=714"},"modified":"2023-02-16T21:22:04","modified_gmt":"2023-02-16T20:22:04","slug":"impressum","status":"publish","type":"page","link":"https:\/\/dmc-online.com\/wordpress\/impressum\/","title":{"rendered":"Impressum"},"content":{"rendered":"<p>DMC Deutscher Minicar Club e.V.<br \/>\nSteckenberg 4<br \/>\nD-24232 Sch\u00f6nkirchen<\/p>\n<p>Registergericht: Amtsgericht\u00a0Pinneberg<br \/>\nRegisternummer: VR 2168<\/p>\n<p>Inhaltlich Verantwortlicher gem\u00e4\u00df \u00a7 6 MDStV:<br \/>\nDirk Horn<br \/>\nGretenrade 31<br \/>\n24232 Sch\u00f6nkirchen<\/p>\n<p><strong>F\u00fcr alle Links und Weiterleitungen dieser Homepage sind folgende Grunds\u00e4tze zu beachten:<\/strong><br \/>\nMit Urteil vom 12. Mai 1998 hat das Landgericht Hamburg entschieden, dass man durch die Ausbringung eines Links die Inhalte der gelinkten Seite gegebenenfalls mit zu verantworten hat. Dies kann &#8211; so das LG &#8211; nur dadurch verhindert werden, dass man sich ausdr\u00fccklich von diesen Inhalten distanziert. Von www.dmc-online.com f\u00fchren Links zu anderen Seiten im Internet. F\u00fcr all diese Links, sowie Links aus unseren Foren gilt: Wir m\u00f6chten ausdr\u00fccklich betonen, dass wir keinerlei Einfluss auf die Gestaltung und die Inhalte der gelinkten Seiten und Foren haben. Aus diesem Grunde distanzieren wir uns hiermit ausdr\u00fccklich von allen Inhalten gelinkter Seiten und machen uns ihre Inhalte nicht zu Eigen. Diese Erkl\u00e4rung gilt f\u00fcr alle Links und f\u00fcr alle Inhalte der Seiten, zu denen bei uns gelinkte Inhalte f\u00fchren. Wir distanzieren uns hiermit ebenfalls von den Inhalten in unseren Foren.<\/p>\n<p>Eine st\u00e4ndige Kontrolle dieser externen Links und Inhalte ist f\u00fcr den Anbieter ohne konkrete Hinweise auf Rechtsverst\u00f6\u00dfe nicht zumutbar. Bei Kenntnis von Rechtsverst\u00f6\u00dfen werden jedoch derartige externe Links unverz\u00fcglich gel\u00f6scht.<\/p>\n<p>Alle Rechte vorbehalten. Die hier zur Verf\u00fcgung gestellten Inhalte sind lediglich zur pers\u00f6nlichen Information bestimmt. Jedes Kopieren oder Ver\u00f6ffentlichen in anderer Form ist untersagt.<\/p>\n<p>&nbsp;<\/p>\n","protected":false},"excerpt":{"rendered":"<p>DMC Deutscher Minicar Club e.V. Steckenberg 4 D-24232 Sch\u00f6nkirchen Registergericht: Amtsgericht\u00a0Pinneberg Registernummer: VR 2168 Inhaltlich Verantwortlicher gem\u00e4\u00df \u00a7 6 MDStV: Dirk Horn Gretenrade 31 24232 Sch\u00f6nkirchen F\u00fcr alle Links und Weiterleitungen dieser Homepage sind folgende Grunds\u00e4tze zu beachten: Mit Urteil vom 12. Mai 1998 hat das Landgericht Hamburg entschieden, dass man durch die Ausbringung eines [&hellip;]<\/p>\n","protected":false},"author":1,"featured_media":0,"parent":0,"menu_order":0,"comment_status":"closed","ping_status":"open","template":"","meta":[],"_links":{"self":[{"href":"https:\/\/dmc-online.com\/wordpress\/wp-json\/wp\/v2\/pages\/714"}],"collection":[{"href":"https:\/\/dmc-online.com\/wordpress\/wp-json\/wp\/v2\/pages"}],"about":[{"href":"https:\/\/dmc-online.com\/wordpress\/wp-json\/wp\/v2\/types\/page"}],"author":[{"embeddable":true,"href":"https:\/\/dmc-online.com\/wordpress\/wp-json\/wp\/v2\/users\/1"}],"replies":[{"embeddable":true,"href":"https:\/\/dmc-online.com\/wordpress\/wp-json\/wp\/v2\/comments?post=714"}],"version-history":[{"count":15,"href":"https:\/\/dmc-online.com\/wordpress\/wp-json\/wp\/v2\/pages\/714\/revisions"}],"predecessor-version":[{"id":15546,"href":"https:\/\/dmc-online.com\/wordpress\/wp-json\/wp\/v2\/pages\/714\/revisions\/15546"}],"wp:attachment":[{"href":"https:\/\/dmc-online.com\/wordpress\/wp-json\/wp\/v2\/media?parent=714"}],"curies":[{"name":"wp","href":"https:\/\/api.w.org\/{rel}","templated":true}]}}