{"id":56,"date":"2013-04-08T10:37:19","date_gmt":"2013-04-08T08:37:19","guid":{"rendered":"http:\/\/dmc-online.com\/wordpress\/?page_id=56"},"modified":"2024-11-29T20:33:41","modified_gmt":"2024-11-29T19:33:41","slug":"faq","status":"publish","type":"page","link":"https:\/\/dmc-online.com\/wordpress\/verband\/faq\/","title":{"rendered":"FAQ"},"content":{"rendered":"<p><strong>Wie kann ich Mitglied im DMC werden?<\/strong><br \/>\nMitglied im DMC kann man \u00fcber einen im DMC angeschlossenen Verein oder einer Interessengemeinschaft werden. Den n\u00e4chst gelegenen DMC-Ortsclub erfahren Sie von der DMC-Gesch\u00e4ftsstelle bzw. \u00fcber einen der f\u00fcnf Sportkreis-Vorsitzenden.<br \/>\nDMC-Geb\u00fchren:<br \/>\nErwachsene: Aufnahmegeb\u00fchr 10,&#8211; \u20ac, Jahresbeitrag 60,&#8211; \u20ac<br \/>\nJugendliche: keine Aufnahmegeb\u00fchr, Jahresbeitrag 30,&#8211; \u20ac <\/p>\n<p><strong>Wie gr\u00fcndet man einen Verein?<\/strong><br \/>\nInformationen zur Vereinsgr\u00fcndung finden sie im Downloadbereich unter Vereinsgr\u00fcndung.<\/p>\n<p><strong>Welches Modell k\u00f6nnen Sie mir empfehlen?<\/strong><br \/>\nDer DMC kann aus Wettbewerbsgr\u00fcnden keine Produkte empfehlen. Wenden Sie sich bitte an den n\u00e4chstgelegenen Ortsclub zum Erfahrungsaustausch oder an den Modellbau-Fachhandel mit Funktions-Modellbau. Lassen Sie sich hier umfangreich \u00fcber die unterschiedlichen Klassen und Kategorien beraten und suchen Sie ggf. noch einen weiteren Modellbau-Fachh\u00e4ndler auf. Fragen Sie den Fachh\u00e4ndler oder das Personal nach Wettbewerben und den Dachverband DMC. Ggf. sollten Sie den\/das Fachh\u00e4ndler\/Personal auch nach den ihnen bekannten Trainingsm\u00f6glichkeiten seiner Kunden fragen. Auch einschl\u00e4gige Fachzeitschriften informieren Sie mit Testberichten und Neuheiten. Eines sollten Sie beim Kauf beachten: Vergewissern Sie sich, dass die Ersatzteilversorgung gesichert ist. An dem gut sortierten Ersatzteilbestand und ggf. vorhandenes Zubeh\u00f6r und an Tuningteilen erkennen Sie auch den guten Modellbau-Fachhandel!<\/p>\n<p><strong>Wie und wo bekomme ich eine internationale (EFRA-) Lizenz?<\/strong><br \/>\nDer DMC stellt im Auftrag des europ\u00e4ischen Verbandes EFRA (European Federation of Radio-Operated Model Automobiles) eine EFRA-Lizenz an DMC-Mitglieder aus. Voraussetzung f\u00fcr den Bezug der internationalen Lizenz ist der Besitz der Lizenz des nationalen Verbandes.<\/p>\n","protected":false},"excerpt":{"rendered":"<p>Wie kann ich Mitglied im DMC werden? Mitglied im DMC kann man \u00fcber einen im DMC angeschlossenen Verein oder einer Interessengemeinschaft werden. Den n\u00e4chst gelegenen DMC-Ortsclub erfahren Sie von der DMC-Gesch\u00e4ftsstelle bzw. \u00fcber einen der f\u00fcnf Sportkreis-Vorsitzenden. DMC-Geb\u00fchren: Erwachsene: Aufnahmegeb\u00fchr 10,&#8211; \u20ac, Jahresbeitrag 60,&#8211; \u20ac Jugendliche: keine Aufnahmegeb\u00fchr, Jahresbeitrag 30,&#8211; \u20ac Wie gr\u00fcndet man einen [&hellip;]<\/p>\n","protected":false},"author":1,"featured_media":0,"parent":10,"menu_order":60,"comment_status":"closed","ping_status":"open","template":"","meta":[],"_links":{"self":[{"href":"https:\/\/dmc-online.com\/wordpress\/wp-json\/wp\/v2\/pages\/56"}],"collection":[{"href":"https:\/\/dmc-online.com\/wordpress\/wp-json\/wp\/v2\/pages"}],"about":[{"href":"https:\/\/dmc-online.com\/wordpress\/wp-json\/wp\/v2\/types\/page"}],"author":[{"embeddable":true,"href":"https:\/\/dmc-online.com\/wordpress\/wp-json\/wp\/v2\/users\/1"}],"replies":[{"embeddable":true,"href":"https:\/\/dmc-online.com\/wordpress\/wp-json\/wp\/v2\/comments?post=56"}],"version-history":[{"count":13,"href":"https:\/\/dmc-online.com\/wordpress\/wp-json\/wp\/v2\/pages\/56\/revisions"}],"predecessor-version":[{"id":21394,"href":"https:\/\/dmc-online.com\/wordpress\/wp-json\/wp\/v2\/pages\/56\/revisions\/21394"}],"up":[{"embeddable":true,"href":"https:\/\/dmc-online.com\/wordpress\/wp-json\/wp\/v2\/pages\/10"}],"wp:attachment":[{"href":"https:\/\/dmc-online.com\/wordpress\/wp-json\/wp\/v2\/media?parent=56"}],"curies":[{"name":"wp","href":"https:\/\/api.w.org\/{rel}","templated":true}]}}