{"id":54,"date":"2013-04-08T10:36:41","date_gmt":"2013-04-08T08:36:41","guid":{"rendered":"http:\/\/dmc-online.com\/wordpress\/?page_id=54"},"modified":"2024-01-02T20:29:29","modified_gmt":"2024-01-02T19:29:29","slug":"jugend","status":"publish","type":"page","link":"https:\/\/dmc-online.com\/wordpress\/jugend\/","title":{"rendered":"Jugend"},"content":{"rendered":"<p>Mit der DMC-Jugend hat der Dachverband eine eigene &#8222;Sparte&#8220; zur F\u00f6rderung der Jugend- und Nachwuchsarbeit in den Ortsvereinen. Hierzu wurde eine Jugendordnung entworfen, die ihr hier einsehen k\u00f6nnt.\u00a0 <a href=\"https:\/\/dmc-online.org\/wordpress\/wp-content\/uploads\/2013\/04\/Jugendordnung-Stand-17-10-2009.pdf\" rel=\"\">Jugendordnung Stand 17-10-2009<\/a> \u00a0 Mit dieser Jugendordnung wird gew\u00e4hrleistet, dass die Interessen der Jugend durch die Jugendwarte\/Jugendleiter der Ortsvereine vertreten und abgestimmt werden k\u00f6nnen. In der Jugendversammlung, die einmal im Jahr zum Sportbundtag stattfindet, werden die Belange diskutiert und abgestimmt und die Verwendung des Jugendbudgets festgelegt. Weiterhin k\u00f6nnen Antr\u00e4ge zu Jugendtagen, weiteren Veranstaltungen und Ideen zur F\u00f6rderung gestellt werden. Antr\u00e4ge k\u00f6nnen das ganze Jahr \u00fcber an den DMC-Jugendreferenten gestellt werden.<\/p>\n<p>Ansprechpartner zur Jugendf\u00f6rderung sind die Jugendreferenten der Sportkreise und der DMC-Jugendreferent. Kontaktdaten der betreffenden Personen findet ihr unter dem Button &#8222;Ansprechpartner&#8220;. Aber auch Fragen zum Hobby, aktuellen Stand, welches Auto oder was ben\u00f6tige ich zum fahren sowie wo kann ich fahren und wo ist ein Verein in meiner N\u00e4he, werden von diesen Referenten beantwortet.<\/p>\n<p>Ihr wollt auch etwas im Sportkreis bewegen und euch f\u00fcr die Jugend engagieren? Dann findet ihr auch unter &#8222;Ansprechpartner&#8220; eine Art Stellenbeschreibung. Bewerbungen und Wahlen f\u00fcr so ein Ehrenamt finden auf dem Sportkreistag statt. Weitere Infos bekommt ihr von eurem Sportkreisvorsitzenden und dem DMC-Jugendreferenten.<\/p>\n<p>Wer mehr zur F\u00f6rderung der DMC-Jugend erfahren m\u00f6chte, findet unter &#8222;F\u00f6rdermittel&#8220; Tipps und Infos, die Richtlinien dazu und einige Bl\u00e4tter zum drucken. Die Unterst\u00fctzung und F\u00f6rderung unterteilt sich in zwei Kategorien. Zum einen haben wir eine direkte und pers\u00f6nliche F\u00f6rderung, zum anderen die Unterst\u00fctzung der Ortsvereine in der Jugend- und Nachwuchsarbeit. Damit der Jugendwart\/Jugendleiter in den Ortsvereinen eine Sicherheit bekommt und sich auch mit den rechtlichen Dingen auskennt, bietet die DMC-Jugend auch Jugendleiterseminare an, in denen der Jugendschutz, der Paragraphendschungel, Sicherheit und Planung behandelt werden. Eine sinnvolle und gute Erg\u00e4nzung zu den Rennleiter- und Zeitnehmerschulungen des DMC.<\/p>\n<p>Anke M\u00fcller<br \/>\nReferentin f\u00fcr Jugend<\/p>\n","protected":false},"excerpt":{"rendered":"<p>Mit der DMC-Jugend hat der Dachverband eine eigene &#8222;Sparte&#8220; zur F\u00f6rderung der Jugend- und Nachwuchsarbeit in den Ortsvereinen. Hierzu wurde eine Jugendordnung entworfen, die ihr hier einsehen k\u00f6nnt.\u00a0 Jugendordnung Stand 17-10-2009 \u00a0 Mit dieser Jugendordnung wird gew\u00e4hrleistet, dass die Interessen der Jugend durch die Jugendwarte\/Jugendleiter der Ortsvereine vertreten und abgestimmt werden k\u00f6nnen. In der Jugendversammlung, [&hellip;]<\/p>\n","protected":false},"author":1,"featured_media":0,"parent":0,"menu_order":0,"comment_status":"closed","ping_status":"open","template":"","meta":[],"_links":{"self":[{"href":"https:\/\/dmc-online.com\/wordpress\/wp-json\/wp\/v2\/pages\/54"}],"collection":[{"href":"https:\/\/dmc-online.com\/wordpress\/wp-json\/wp\/v2\/pages"}],"about":[{"href":"https:\/\/dmc-online.com\/wordpress\/wp-json\/wp\/v2\/types\/page"}],"author":[{"embeddable":true,"href":"https:\/\/dmc-online.com\/wordpress\/wp-json\/wp\/v2\/users\/1"}],"replies":[{"embeddable":true,"href":"https:\/\/dmc-online.com\/wordpress\/wp-json\/wp\/v2\/comments?post=54"}],"version-history":[{"count":13,"href":"https:\/\/dmc-online.com\/wordpress\/wp-json\/wp\/v2\/pages\/54\/revisions"}],"predecessor-version":[{"id":19446,"href":"https:\/\/dmc-online.com\/wordpress\/wp-json\/wp\/v2\/pages\/54\/revisions\/19446"}],"wp:attachment":[{"href":"https:\/\/dmc-online.com\/wordpress\/wp-json\/wp\/v2\/media?parent=54"}],"curies":[{"name":"wp","href":"https:\/\/api.w.org\/{rel}","templated":true}]}}