{"id":5237,"date":"2025-11-25T18:32:17","date_gmt":"2025-11-25T17:32:17","guid":{"rendered":"http:\/\/dmc-online.com\/wordpress\/?page_id=5237"},"modified":"2026-03-02T20:00:55","modified_gmt":"2026-03-02T19:00:55","slug":"homologation-eg","status":"publish","type":"page","link":"https:\/\/dmc-online.com\/wordpress\/reglement\/homologation-eg\/","title":{"rendered":"Homologation EG"},"content":{"rendered":"<p>Hier aktuell g\u00fcltige Infos, Homologationstabellen und Listen der Sektion Elektro Glattbahn:<\/p>\n<p>Die Listen ersetzen fr\u00fchere Versionen \/ als auch die Anh\u00e4nge\/Tabellen im Regelbuch und haben\u00a0 mit der Ver\u00f6ffentlichung sofort G\u00fcltigkeit !<\/p>\n<hr \/>\n<h1>HOMOLOGATION<\/h1>\n<p><span style=\"text-decoration: underline;\">Hinweis &#8211; Einf\u00fchrung einer Karenzzeit<\/span><br \/>\nSeit 2018 d\u00fcrfen Motorentypen, die homologiert sind und durch eine Nachfolgeserie ersetzt bzw. aus der Homologation fallen, f\u00fcr eine \u00dcbergangszeit von 5 Jahren weiter eingesetzt werden und sie werden in der Motorenliste bis zur Ende der Karenzzeit weiter gef\u00fchrt.<\/p>\n<h3><span style=\"text-decoration: underline;\">Motoren 2026<\/span><\/h3>\n<p><img src=\"https:\/\/dmc-online.com\/wordpress\/wp-content\/themes\/dmc-online\/images\/pdf.gif\" alt=\"\" \/> <a href=\"https:\/\/dmc-online.com\/wordpress\/wp-content\/uploads\/2025\/12\/BM215-HomListe_215_BL_25V1.0-1.pdf\" target=\"_blank\" rel=\"noopener\">21.5 T Motoren\u00fcbersicht &#8211; 2025 V1.0<\/a><br \/>\n<img src=\"https:\/\/dmc-online.com\/wordpress\/wp-content\/themes\/dmc-online\/images\/pdf.gif\" alt=\"\" \/><a href=\"https:\/\/dmc-online.com\/wordpress\/wp-content\/uploads\/2025\/12\/BM175-HomListe_175_BL_25V1.0-1.pdf\" target=\"_blank\" rel=\"noopener\"> 17.5 T Motoren\u00fcbersicht &#8211; 2025 V1.0<\/a><br \/>\n<img src=\"https:\/\/dmc-online.com\/wordpress\/wp-content\/themes\/dmc-online\/images\/pdf.gif\" alt=\"\" \/> <a href=\"https:\/\/dmc-online.com\/wordpress\/wp-content\/uploads\/2025\/12\/BM135-HomListe_135_BL_25V1.0-1.pdf\" target=\"_blank\" rel=\"noopener\">13.5 T Motoren\u00fcbersicht &#8211; 2025 V1.0<\/a><br \/>\n<img src=\"https:\/\/dmc-online.com\/wordpress\/wp-content\/themes\/dmc-online\/images\/pdf.gif\" alt=\"\" \/> <a href=\"https:\/\/dmc-online.com\/wordpress\/wp-content\/uploads\/2025\/12\/BM105-HomListe_105_BL_25V1.0-1.pdf\" target=\"_blank\" rel=\"noopener\">10.5 T Motoren\u00fcbersicht &#8211; 2025 V1.0<\/a><\/p>\n<p>Erg\u00e4nzungen gem\u00e4\u00df der Auftr\u00e4ge zur Umsetzung des Reglementes vom SBT bzw. Referentenbeschl\u00fcsse.<\/p>\n<hr \/>\n<p><strong>Regler &#8211; Motoren &#8211;\u00a0 EGTWHO \/ EGTWFR<br \/>\n<\/strong>DMC Homologierte 17,5 Motoren Alle Regler die EFRA 0-Boost erf\u00fcllen &#8211; siehe Kapitel F5.4 bzw. Regler \/ Combo mit Drehzahl Limiter. Der Nachweis erfolgt \u00fcber die Bedienungsanleitung oder alternativ \u00fcber die Programmierbox.<br \/>\n<strong><br \/>\nEinsatz Einheitsregler \/ Motor an der DM<\/strong><br \/>\nAn der Deutschen Meisterschaft wird vom DMC nachfolgende Regler &#8211; Motoren Kombo zur Verf\u00fcgung gestellt und es ist nur diese zu verwenden: Hobbywing Justock Handout combo 17,5 (HW38020341) &#8211; Limiter bei 17.500 rpm. Der Pr\u00fcfung erfolgt \u00fcber die Programmierbox des DMC .<strong><br \/>\n<\/strong>Motor Regler Combo:\u00a0 **** <em>Hobbywing Justock Handout combo 17,5 (HW38020341)<br \/>\n<\/em><\/p>\n<hr \/>\n<h1>ZUGELASSENE MATERIALIEN &#8211; siehe auch aktuelles Reglement<\/h1>\n<p><strong><em>Karrosserien\u00a0<\/em><\/strong> &#8211; <strong><em>EGTWFUN <\/em><\/strong><br \/>\nAb jetzt wieder Karosserien nach EFRA Liste<br \/>\nMindesth\u00f6he von 110 mm<\/p>\n<p><strong><em>Karosserien &#8211; EGTWFR<\/em> &#8211; Siehe Reglement 3.11.3<br \/>\n<\/strong>Es sind nur vorbildgetreue Karosserien zugelassen, die im Original ebenfalls frontangetriebenen Fahrzeugen entsprechen. \u201eAerodynamisch optimierte\u201c Rennkarossen sind nicht zugelassen! Die Karossen sollten vorbild\u00e4hnlich lackiert oder beklebt sein. In den Karosserien sind keine anderen O\u0308ffnungen erlaubt, als Bohrungen fu\u0308r die Halterungen, die Antenne und den Transponder. Im Besonderen sind keine ausgeschnittenen Fenster erlaubt.<br \/>\nEs erfolgt in der Ausschreibung zu keine explizite Listung zugelassener Karossereien.<br \/>\nNicht zugelassen ist die Xtreme 1\/10 SHE-ROCK MTB0417-07 u.\u00e40<\/p>\n<hr \/>\n<h3><span style=\"text-decoration: underline;\">EG8GT3 Karosserieliste<br \/>\n<\/span><\/h3>\n<p><strong>Gem\u00e4\u00df Teil F \u2013 3.12.5 bzw. Spezifikation nach Teil F &#8211; 5.6\u00a0 sind folgende Karosserien<\/strong><br \/>\n<strong>in der Klasse EG8GT3 zugelassen<\/strong><\/p>\n<p><em><strong>EG8GT3 Karosserien:<\/strong><\/em> <em>&gt;&gt;&gt;&gt;\u00a0<a href=\"https:\/\/dmc-online.org\/wordpress\/wp-content\/uploads\/2024\/04\/Karosserieliste-Stand-01.03.2024.pdf\" target=\"_blank\" rel=\"noopener\"><img src=\"https:\/\/dmc-online.com\/wordpress\/wp-content\/themes\/dmc-online\/images\/pdf.gif\" alt=\"\" \/><\/a><\/em>\u00a0 <a href=\"https:\/\/dmc-online.com\/wordpress\/wp-content\/uploads\/2026\/02\/Karosserieliste-GT3-Stand-2026_02.pdf\">Karosserieliste GT3 Stand 2026_02<\/a><\/p>\n<hr \/>\n<h3><span style=\"text-decoration: underline;\">Komplettr\u00e4der EGTW \/ Formel 1 &#8211; 1:10<br \/>\n<\/span><\/h3>\n<p>Seit 2019 ist die Vorgabe von Komplettr\u00e4dern f\u00fcr die Tourenwagen und Formel 1 f\u00fcr SK und Wertungsl\u00e4ufe zur Deutschen Meisterschaft \/ Nationale Rangliste freigestellt. <em>Es k\u00f6nnen f\u00fcr alle L\u00e4ufe alle am Markt erh\u00e4ltlichen Komplettr\u00e4der eingesetzt werden, soweit Sie im wesentlichen der Anforderungen in der Klasse bzw. Teil F entsprechen. F\u00fcr die Deutsche Meisterschaft werden die Reifen \u00fcber ein Angebotsverfahren gemeinsam mit dem Verein bestimmt!<\/em><\/p>\n<hr \/>\n<p><strong>Reifen Deutsche Meisterschaft EGTW \/ Formel 1 &#8211; 2026 in Augsburg<br \/>\n<\/strong><br \/>\nEG Tourenwagen Hobby \/ Sport und Modified &#8211;<br \/>\nEG TW Fronti &#8211; <strong>\u00a0<\/strong><br \/>\nFormel &#8211; Matrix &#8211;<\/p>\n<hr \/>\n<p><strong>Reifen DM EG8GT3 &#8211; 2025<br \/>\n<\/strong>Als Einheitsreifen werden wir in diesem Jahr den<em><strong> &#8230;.\u00a0 \u00a0<\/strong><\/em>einsetzen.<br \/>\n(Achtung bei der Bestellung unbedingt beachten !) Die Reifen sind an der DM beim Verein zu beziehen.<\/p>\n<hr \/>\n<h3><span style=\"text-decoration: underline;\">Haftmittelliste<\/span><\/h3>\n<p>Aufstellung verwendungsf\u00e4higer Haftmittel Stand 14.03.2021 &#8211; G\u00fcltig bis Ersatz<\/p>\n<p><a href=\"http:\/\/www.dmc-online.com\/NeueSeite\/documents\/DMCReglement2015Anhang1.pdf\"><img src=\"https:\/\/dmc-online.com\/wordpress\/wp-content\/themes\/dmc-online\/images\/pdf.gif\" alt=\"\" \/><\/a><a href=\"https:\/\/dmc-online.org\/wordpress\/wp-content\/uploads\/2021\/03\/DMC_Haftmittelliste_2021_200314.pdf\" target=\"_blank\" rel=\"noopener\"> DMC_Haftmittelliste; Stand: 14.03.2021<br \/>\n<\/a>(Fr\u00fcher Aufstellung gelten hierduch als ersetzt)<\/p>\n<p>Hinweis:\u00a0 Die in der Tabelle gekennzeichnete Verwendung f\u00fcr bestimmte Klassen ist eine <strong>Empfehlung<\/strong> der Einreicher bzw. Zuordnung aus der Kennzeichnung.\u00a0 Eine ausschlieslich gekennzeichnete Indoorverwendung schliest aber die Verwendung Outdoor nicht zwingend aus. Das Mittel kann also auch Outdoor verwendet werden !<\/p>\n","protected":false},"excerpt":{"rendered":"<p>Hier aktuell g\u00fcltige Infos, Homologationstabellen und Listen der Sektion Elektro Glattbahn: Die Listen ersetzen fr\u00fchere Versionen \/ als auch die Anh\u00e4nge\/Tabellen im Regelbuch und haben\u00a0 mit der Ver\u00f6ffentlichung sofort G\u00fcltigkeit ! HOMOLOGATION Hinweis &#8211; Einf\u00fchrung einer Karenzzeit Seit 2018 d\u00fcrfen Motorentypen, die homologiert sind und durch eine Nachfolgeserie ersetzt bzw. aus der Homologation fallen, f\u00fcr [&hellip;]<\/p>\n","protected":false},"author":3,"featured_media":0,"parent":5190,"menu_order":0,"comment_status":"closed","ping_status":"closed","template":"","meta":[],"_links":{"self":[{"href":"https:\/\/dmc-online.com\/wordpress\/wp-json\/wp\/v2\/pages\/5237"}],"collection":[{"href":"https:\/\/dmc-online.com\/wordpress\/wp-json\/wp\/v2\/pages"}],"about":[{"href":"https:\/\/dmc-online.com\/wordpress\/wp-json\/wp\/v2\/types\/page"}],"author":[{"embeddable":true,"href":"https:\/\/dmc-online.com\/wordpress\/wp-json\/wp\/v2\/users\/3"}],"replies":[{"embeddable":true,"href":"https:\/\/dmc-online.com\/wordpress\/wp-json\/wp\/v2\/comments?post=5237"}],"version-history":[{"count":72,"href":"https:\/\/dmc-online.com\/wordpress\/wp-json\/wp\/v2\/pages\/5237\/revisions"}],"predecessor-version":[{"id":23622,"href":"https:\/\/dmc-online.com\/wordpress\/wp-json\/wp\/v2\/pages\/5237\/revisions\/23622"}],"up":[{"embeddable":true,"href":"https:\/\/dmc-online.com\/wordpress\/wp-json\/wp\/v2\/pages\/5190"}],"wp:attachment":[{"href":"https:\/\/dmc-online.com\/wordpress\/wp-json\/wp\/v2\/media?parent=5237"}],"curies":[{"name":"wp","href":"https:\/\/api.w.org\/{rel}","templated":true}]}}