{"id":5235,"date":"2022-10-25T21:00:57","date_gmt":"2022-10-25T19:00:57","guid":{"rendered":"http:\/\/dmc-online.com\/wordpress\/?page_id=5235"},"modified":"2026-04-17T14:33:34","modified_gmt":"2026-04-17T12:33:34","slug":"homologation-ore","status":"publish","type":"page","link":"https:\/\/dmc-online.com\/wordpress\/reglement\/homologation-ore\/","title":{"rendered":"Homologation ORE &#8211; zul\u00e4ssige Materialien"},"content":{"rendered":"<h2>ZUGELASSENE MATERIALIEN<\/h2>\n<hr \/>\n<p><span style=\"text-decoration: underline;\"><strong>Reifenliste<\/strong><br \/>\n<\/span><span style=\"color: #ff0000;\"><span style=\"color: #000000;\">Die Reifenhomologation ist ausgesetzt und somit gibt keine Reifenliste mehr!<\/span><br \/>\n<\/span><\/p>\n<hr \/>\n<p><strong>Information zu den Reifen f\u00fcr die Deutschen Meisterschaften Offroad Elektro<br \/>\n<\/strong><\/p>\n<p>Anzahl: in allen Klassen <strong>max. 4 S\u00e4tze<\/strong> pro Achse<br \/>\nIn den Klassen ORE2WD und ORETR2 sind keine Vorderreifen\/Hersteller auf den nicht angetriebenen Achsen vorgeschrieben.<\/p>\n<p>Die einzusetzenden Reifen sind beim Verein markieren zu lassen.<br \/>\nDie Reifen d\u00fcrfen in den erh\u00e4ltlichen (beim H\u00e4ndler) Gummimischungen gefahren werden.<br \/>\nz.B. Schumacher: gelb, blau, silber<\/p>\n<hr \/>\n<p><strong><em>DM ORE4WD 2026 &#8211; MSV H\u00fcrtgenwald e.V.<br \/>\n<\/em><\/strong><u>ORE4WD \/ ORE4WDST \u2013 4WD Buggy<\/u><\/p>\n<ul>\n<li>Hinten: Schumacher Mezzo<\/li>\n<li>Vorne:\u00a0 Schumacher Mezzo<\/li>\n<\/ul>\n<p><u>ORETR2 \u2013 Truggy 2WD<\/u><\/p>\n<ul>\n<li>Hinten:\u00a0 \u00a0 \u00a0 Schumacher Mini Pin\u00a0 \u00a0 <span data-olk-copy-source=\"MessageBody\">\u00a0<\/span><\/li>\n<li>Vorne:\u00a0\u00a0\u00a0\u00a0\u00a0\u00a0 frei<\/li>\n<\/ul>\n<hr \/>\n<p><strong><em>DM ORE2WD 2026 &#8211; MRC Leipzig e.V.<br \/>\n<\/em><\/strong><u>ORE2WD \/ ORE2WDST \u2013 2WD Buggy<\/u><\/p>\n<ul>\n<li>Hinten:\u00a0 \u00a0 \u00a0 Schumacher Mezzo\u00a0 \u00a0 <span data-olk-copy-source=\"MessageBody\">\u00a0<\/span><\/li>\n<li>Vorne:\u00a0\u00a0\u00a0\u00a0\u00a0\u00a0 frei<\/li>\n<\/ul>\n<hr \/>\n<h3><span style=\"text-decoration: underline;\">Motorenliste<\/span><\/h3>\n<p><span style=\"text-decoration: underline;\">Hier gelten die Listen aus der <a href=\"https:\/\/dmc-online.com\/wordpress\/reglement\/homologation-eg\/\" target=\"_blank\" rel=\"noopener\">Homologations-\/Motortabellen in der Sektion EG<\/a> in der g\u00fcltigen Version!<\/span><\/p>\n","protected":false},"excerpt":{"rendered":"<p>ZUGELASSENE MATERIALIEN Reifenliste Die Reifenhomologation ist ausgesetzt und somit gibt keine Reifenliste mehr! Information zu den Reifen f\u00fcr die Deutschen Meisterschaften Offroad Elektro Anzahl: in allen Klassen max. 4 S\u00e4tze pro Achse In den Klassen ORE2WD und ORETR2 sind keine Vorderreifen\/Hersteller auf den nicht angetriebenen Achsen vorgeschrieben. Die einzusetzenden Reifen sind beim Verein markieren zu [&hellip;]<\/p>\n","protected":false},"author":3,"featured_media":0,"parent":5190,"menu_order":0,"comment_status":"closed","ping_status":"closed","template":"","meta":[],"_links":{"self":[{"href":"https:\/\/dmc-online.com\/wordpress\/wp-json\/wp\/v2\/pages\/5235"}],"collection":[{"href":"https:\/\/dmc-online.com\/wordpress\/wp-json\/wp\/v2\/pages"}],"about":[{"href":"https:\/\/dmc-online.com\/wordpress\/wp-json\/wp\/v2\/types\/page"}],"author":[{"embeddable":true,"href":"https:\/\/dmc-online.com\/wordpress\/wp-json\/wp\/v2\/users\/3"}],"replies":[{"embeddable":true,"href":"https:\/\/dmc-online.com\/wordpress\/wp-json\/wp\/v2\/comments?post=5235"}],"version-history":[{"count":44,"href":"https:\/\/dmc-online.com\/wordpress\/wp-json\/wp\/v2\/pages\/5235\/revisions"}],"predecessor-version":[{"id":23807,"href":"https:\/\/dmc-online.com\/wordpress\/wp-json\/wp\/v2\/pages\/5235\/revisions\/23807"}],"up":[{"embeddable":true,"href":"https:\/\/dmc-online.com\/wordpress\/wp-json\/wp\/v2\/pages\/5190"}],"wp:attachment":[{"href":"https:\/\/dmc-online.com\/wordpress\/wp-json\/wp\/v2\/media?parent=5235"}],"curies":[{"name":"wp","href":"https:\/\/api.w.org\/{rel}","templated":true}]}}