{"id":5190,"date":"2016-03-22T21:39:06","date_gmt":"2016-03-22T20:39:06","guid":{"rendered":"http:\/\/dmc-online.com\/wordpress\/?page_id=5190"},"modified":"2024-08-15T22:07:05","modified_gmt":"2024-08-15T20:07:05","slug":"reglement","status":"publish","type":"page","link":"https:\/\/dmc-online.com\/wordpress\/reglement\/","title":{"rendered":"Reglement komplett"},"content":{"rendered":"<p><strong>DMC Jahrbuch 2024<\/strong><br \/>\n<img src=\"\/wordpress\/wp-content\/themes\/dmc-online\/images\/pdf.gif\" alt=\"\" \/> <a href=\"http:\/\/www.dmc-online.com\/NeueSeite\/documents\/Jahrbuch2024_komplett.pdf\" target=\"_blank\" rel=\"noopener\">Download DMC Jahrbuch 2024 (komplett)<\/a><\/p>\n<hr \/>\n<p class=\"Default\"><strong>Reifen DM EGTW 1\/10 in Siersburg<\/strong><br \/>\nPer einstimmigen Referentenbeschluss werden f\u00fcr <i>die Deutsche Meisterschaft EGTW in Siersburg die folgenden Komplettr\u00e4der in Abweichung zur Reifenspezifikation Teil F \u2013 5.2.1 zugelassen:<b><\/p>\n<p><\/b>&#8211; F\u00fcr die Klassen <strong>EGTWFR \/ EGTWHO \/ EGTWFUN Komplettr\u00e4der auf Speichenfelge : RUSH 28 SPEICHE RS-RU0633<\/strong><br \/>\n&#8211; F\u00fcr die Klassen <strong>EGTWSP \/ EGTWMO Komplettr\u00e4der auf Discfelge: RUSH 30 DISC RS-RU0445<\/strong><br \/>\n<\/i><i><br \/>\nEs d\u00fcrfen an der DM in alle Wertungsl\u00e4ufen nur von Verein personalisiert gekennzeichneten Komplett R\u00e4der verwendet werden. <\/i><i>Die Anwendung ist mit Ver\u00f6ffentlichung wirksam !<br \/>\n<\/i><\/p>\n<p class=\"Default\"><i>15.06.2024<br \/>\nThomas Kohmann<br \/>\nReferent Elektro Glattbahn<\/i><\/p>\n<hr \/>\n<p><strong><em>Erg\u00e4nzung &#8211; Seite 72 &#8211; 7.2.2r DM Durchf\u00fchrungsbestimmungen &#8211; 3. ORE4WD \/ 4. ORE2WD <\/em><\/strong><br \/>\nBei der \u00dcberf\u00fchrung in das Regelbuch wurde folgender Absatz nicht vollst\u00e4ndig \u00fcbernommen<br \/>\nHier im speziellen die Anwendung des letzen Satze nur f\u00fcr Modified Fahrer.<\/p>\n<p><b>3. ORE4WD, ORE4WDST und ORETR2<\/b><\/p>\n<p>&#8230;&#8230;An der Deutschen Meisterschaft darf ein Fahrer, sofern er sich in der jeweiligen Klasse qualifiziert hat, nur<br \/>\nentweder in &#8222;MOD&#8220; oder &#8222;ST&#8220; teilnehmen. Fahrer die<span style=\"color: #ff0000;\"> <em><strong>in ORE4WD (\u201eMOD\u201c)<\/strong><\/em> <\/span>an den letzten beiden DM&#8217;s bzw. International auf den ersten 15 Pl\u00e4tzen waren, d\u00fcrfen an der DM nicht in der Standardklasse starten.<\/p>\n<p><b>4. ORE2WD, ORE2WDST<br \/>\n<\/b>&#8230;&#8230;An der Deutschen Meisterschaft darf ein Fahrer, sofern er sich in der jeweiligen Klasse qualifiziert hat, nur<br \/>\nentweder in &#8222;MOD&#8220; oder &#8222;ST&#8220; teilnehmen. Fahrer die <span style=\"color: #ff0000;\"><em><strong>in ORE2WD (\u201eMOD\u201c)<\/strong><\/em> <\/span>an den letzten beiden DM&#8217;s bzw. International auf den ersten 15 Pl\u00e4tzen waren, d\u00fcrfen an der DM nicht in der Standardklasse starten.<\/p>\n<p>&nbsp;<\/p>\n","protected":false},"excerpt":{"rendered":"<p>DMC Jahrbuch 2024 Download DMC Jahrbuch 2024 (komplett) Reifen DM EGTW 1\/10 in Siersburg Per einstimmigen Referentenbeschluss werden f\u00fcr die Deutsche Meisterschaft EGTW in Siersburg die folgenden Komplettr\u00e4der in Abweichung zur Reifenspezifikation Teil F \u2013 5.2.1 zugelassen: &#8211; F\u00fcr die Klassen EGTWFR \/ EGTWHO \/ EGTWFUN Komplettr\u00e4der auf Speichenfelge : RUSH 28 SPEICHE RS-RU0633 &#8211; [&hellip;]<\/p>\n","protected":false},"author":3,"featured_media":0,"parent":0,"menu_order":0,"comment_status":"closed","ping_status":"closed","template":"","meta":[],"_links":{"self":[{"href":"https:\/\/dmc-online.com\/wordpress\/wp-json\/wp\/v2\/pages\/5190"}],"collection":[{"href":"https:\/\/dmc-online.com\/wordpress\/wp-json\/wp\/v2\/pages"}],"about":[{"href":"https:\/\/dmc-online.com\/wordpress\/wp-json\/wp\/v2\/types\/page"}],"author":[{"embeddable":true,"href":"https:\/\/dmc-online.com\/wordpress\/wp-json\/wp\/v2\/users\/3"}],"replies":[{"embeddable":true,"href":"https:\/\/dmc-online.com\/wordpress\/wp-json\/wp\/v2\/comments?post=5190"}],"version-history":[{"count":8,"href":"https:\/\/dmc-online.com\/wordpress\/wp-json\/wp\/v2\/pages\/5190\/revisions"}],"predecessor-version":[{"id":18676,"href":"https:\/\/dmc-online.com\/wordpress\/wp-json\/wp\/v2\/pages\/5190\/revisions\/18676"}],"wp:attachment":[{"href":"https:\/\/dmc-online.com\/wordpress\/wp-json\/wp\/v2\/media?parent=5190"}],"curies":[{"name":"wp","href":"https:\/\/api.w.org\/{rel}","templated":true}]}}