{"id":42,"date":"2013-04-08T10:33:36","date_gmt":"2013-04-08T08:33:36","guid":{"rendered":"http:\/\/dmc-online.com\/wordpress\/?page_id=42"},"modified":"2013-10-23T22:14:42","modified_gmt":"2013-10-23T20:14:42","slug":"wir-ueber-uns","status":"publish","type":"page","link":"https:\/\/dmc-online.com\/wordpress\/verband\/wir-ueber-uns\/","title":{"rendered":"Wir \u00fcber uns"},"content":{"rendered":"<p><strong>DMC<\/strong><br \/>\n&#8230; ist der Dachverband f\u00fcr den funkferngesteuerten Automodell-Rennsport. Er leitet und beaufsichtigt den Automodell-Rennsport in der Bundesrepublik Deutschland. Die Gr\u00fcndung einer Interessen-Gemeinschaft erfolgte bereits 1966. Am 10. M\u00e4rz 1971 wurde der erste deutsche &#8222;DMC &#8211; Deutscher Minicar Club&#8220; in Essen gegr\u00fcndet. Der Verein hat seinen Sitz in Ulm\/Donau.<\/p>\n<p><strong>Aufgaben des DMC<\/strong><br \/>\n\u25cf Vergabe von DM-Pr\u00e4dikaten (Deutsche Meisterschaften und Qualifikation Sportkreise)<br \/>\n\u25cf Versicherungsschutz<br \/>\n\u25cf Rechte zur Nutzung von DM-Pr\u00e4dikaten<br \/>\n\u25cf Wahrung und Definition Werbe- und TV-Rechten<br \/>\n\u25cf Merchandising-Aktivit\u00e4ten rund um DMC-Pr\u00e4dikate<br \/>\n\u25cf Vertretung der deutschen Interessen auf politischer Ebene<br \/>\n\u25cf Vertretung der deutschen Interessen bei EFRA und IFMAR<br \/>\n\u25cf Genehmigung von Rennserien unter der DMC-Sporthoheit<br \/>\n\u25cf Erstellung eines Veranstaltungskalenders<br \/>\n\u25cf Erarbeitung von Technischen-Reglements<br \/>\n\u25cf Genehmigung von Technischen-Reglements (Sportbundtag)<br \/>\n\u25cf Vergabe von Lizenzen<br \/>\n\u25cf Unterst\u00fctzung bei der Planung und F\u00f6rderung von Rennstrecken<br \/>\n\u25cf Erstellung von Sicherheitsvorschriften<br \/>\n\u25cf Erstellung von Umweltschutz-Ma\u00dfnahmen im Zusammenhang mit Automodell-Rennsport-Veranstaltungen<br \/>\n\u25cf F\u00f6rderung des Motorsportnachwuchses<br \/>\n\u25cf Sportgericht<br \/>\n\u25cf Erarbeitung von zukunftsweisenden Automodell-Rennsport-Konzepten<br \/>\n\u25cf Sportwarte-Schulung: Rennleiter und Zeitnahme<\/p>\n","protected":false},"excerpt":{"rendered":"<p>DMC &#8230; ist der Dachverband f\u00fcr den funkferngesteuerten Automodell-Rennsport. Er leitet und beaufsichtigt den Automodell-Rennsport in der Bundesrepublik Deutschland. Die Gr\u00fcndung einer Interessen-Gemeinschaft erfolgte bereits 1966. Am 10. M\u00e4rz 1971 wurde der erste deutsche &#8222;DMC &#8211; Deutscher Minicar Club&#8220; in Essen gegr\u00fcndet. Der Verein hat seinen Sitz in Ulm\/Donau. Aufgaben des DMC \u25cf Vergabe von [&hellip;]<\/p>\n","protected":false},"author":1,"featured_media":0,"parent":10,"menu_order":10,"comment_status":"closed","ping_status":"open","template":"","meta":[],"_links":{"self":[{"href":"https:\/\/dmc-online.com\/wordpress\/wp-json\/wp\/v2\/pages\/42"}],"collection":[{"href":"https:\/\/dmc-online.com\/wordpress\/wp-json\/wp\/v2\/pages"}],"about":[{"href":"https:\/\/dmc-online.com\/wordpress\/wp-json\/wp\/v2\/types\/page"}],"author":[{"embeddable":true,"href":"https:\/\/dmc-online.com\/wordpress\/wp-json\/wp\/v2\/users\/1"}],"replies":[{"embeddable":true,"href":"https:\/\/dmc-online.com\/wordpress\/wp-json\/wp\/v2\/comments?post=42"}],"version-history":[{"count":5,"href":"https:\/\/dmc-online.com\/wordpress\/wp-json\/wp\/v2\/pages\/42\/revisions"}],"predecessor-version":[{"id":1382,"href":"https:\/\/dmc-online.com\/wordpress\/wp-json\/wp\/v2\/pages\/42\/revisions\/1382"}],"up":[{"embeddable":true,"href":"https:\/\/dmc-online.com\/wordpress\/wp-json\/wp\/v2\/pages\/10"}],"wp:attachment":[{"href":"https:\/\/dmc-online.com\/wordpress\/wp-json\/wp\/v2\/media?parent=42"}],"curies":[{"name":"wp","href":"https:\/\/api.w.org\/{rel}","templated":true}]}}