{"id":1959,"date":"2014-01-13T20:50:53","date_gmt":"2014-01-13T19:50:53","guid":{"rendered":"http:\/\/dmc-online\/wordpress\/?page_id=1959"},"modified":"2017-04-07T20:49:49","modified_gmt":"2017-04-07T18:49:49","slug":"sportkreis-west-infos-vg","status":"publish","type":"page","link":"https:\/\/dmc-online.com\/wordpress\/sportkreise\/sportkreis-west\/sportkreis-west-infos-vg\/","title":{"rendered":"Infos VG West"},"content":{"rendered":"<p>(1)\u00a0\u00a0 Die Sportkreis-Meisterschaften West VG8 (VG8KL1 und VG8KL2) und VG10 (VG10SCA) werden 2017 in vier L\u00e4ufen gemeinsam ausgetragen.<\/p>\n<p>(2)\u00a0\u00a0 Bei den L\u00e4ufen zur Sportkreis-Meisterschaft West VG8\/VG10 werden die Vorl\u00e4ufe \u00fcber eine Dauer von f\u00fcnf Minuten gefahren und nach Runden und Zeit gewertet. Die Finall\u00e4ufe werden ohne Direktqualifizierte durchgef\u00fchrt, in den Sub-Finalen steigen je drei Fahrer auf, aus den Halbfinals jeweils f\u00fcnf Fahrer. Vorl\u00e4ufe werden ausschlie\u00dflich am Sonntag gefahren. Das Training am Samstag wird bei Bedarf nach Klassen unterteilt.<\/p>\n<p>(3)\u00a0\u00a0 In der Saison 2017 wird erstmals die Sportkreis-Meisterschaft West f\u00fcr die neue Klasse VG10 Scale Sport (VG10S) ausgetragen. Diese Wertung erfolgt bei den ersten vier Saisonrennen des Nitro-West-Masters 2017 in der Klasse HC10. Alle HC10-Starter mit g\u00fcltiger DMC-Lizenz erhalten automatisch Punkte zur Sportkreis-Meisterschaft West VG10S.<\/p>\n<p>(4)\u00a0\u00a0 Im Sportkreis West wird dar\u00fcber hinaus das Nitro-West-Masters (NWM) ausgetragen. Diese Rennserie umfasst 2017 insgesamt sechs L\u00e4ufe, davon werden die besten f\u00fcnf Ergebnisse gewertet.<\/p>\n<p>(5)\u00a0\u00a0 Ausgeschrieben werden im Nitro-West Masters die Klassen VG8 und VG10 sowie HC8 und HC10 (mit Basismotoren von Novarossi und Sonic).<\/p>\n<p>(6)\u00a0\u00a0 Bei den Rennen zum Nitro-West-Masters werden jeweils drei Vorl\u00e4ufe \u00fcber jeweils sieben Minuten (ohne Vorbereitungszeit) gefahren. Gewertet wird die Zeitaddition der drei schnellsten zusammenh\u00e4ngend gefahrenen Runden. Die vier bestplatzierten Fahrer der Vorlaufrangliste sind direkt f\u00fcr das jeweilige Finale qualifiziert. Aus den Sub-Finalen steigen je drei Fahrer auf, aus den Halbfinals jeweils die zwei Bestplatzierten sowie die zwei Zeitschnellsten (bei Trockenwertung).<\/p>\n<p>(7)\u00a0\u00a0 Sowohl bei den L\u00e4ufen zu den Sportkreis-Meisterschaften West VG8\/VG10 als auch bei den Rennen zum Nitro-West-Masters ist die Verwendung von Reifen-Haftmitteln strikt verboten. Eine Kontrolle der Reifen ist zu jeder Zeit einer Veranstaltung m\u00f6glich, sie erfolgt u.a. mit dem MiniRAE-Messger\u00e4t. In unklaren F\u00e4llen k\u00f6nnen Reifens\u00e4tze auch zur weiteren \u00dcberpr\u00fcfung einbehalten werden.<\/p>\n<p>(8)\u00a0\u00a0 Das Nenngeld f\u00fcr alle Rennen zur Sportkreis-Meisterschaft West VG8\/VG10 und zum Nitro-West-Masters betr\u00e4gt f\u00fcr Erwachsene 23,&#8211; \u20ac, f\u00fcr Jugendliche 8,&#8211; \u20ac bei SM-L\u00e4ufen und 13,&#8211; \u20ac Euro bei NWM-Rennen.<\/p>\n<p>(9)\u00a0\u00a0 Zudem wird im Sportkreis West erstmals der \u201eDMC Nitro-West Rookie-Cup\u201c ausgeschrieben, zu dem alle vier Rennen und Sportkreis-Meisterschaft West und alle sechs L\u00e4ufe zum Nitro-West-Masters gewertet werden. Nach erfolgter Teilnahme erhalten Jugendliche das Nenngeld zur\u00fcckerstattet.<\/p>\n","protected":false},"excerpt":{"rendered":"<p>(1)\u00a0\u00a0 Die Sportkreis-Meisterschaften West VG8 (VG8KL1 und VG8KL2) und VG10 (VG10SCA) werden 2017 in vier L\u00e4ufen gemeinsam ausgetragen. (2)\u00a0\u00a0 Bei den L\u00e4ufen zur Sportkreis-Meisterschaft West VG8\/VG10 werden die Vorl\u00e4ufe \u00fcber eine Dauer von f\u00fcnf Minuten gefahren und nach Runden und Zeit gewertet. Die Finall\u00e4ufe werden ohne Direktqualifizierte durchgef\u00fchrt, in den Sub-Finalen steigen je drei Fahrer [&hellip;]<\/p>\n","protected":false},"author":3,"featured_media":0,"parent":23,"menu_order":0,"comment_status":"closed","ping_status":"open","template":"page_infossk.php","meta":[],"_links":{"self":[{"href":"https:\/\/dmc-online.com\/wordpress\/wp-json\/wp\/v2\/pages\/1959"}],"collection":[{"href":"https:\/\/dmc-online.com\/wordpress\/wp-json\/wp\/v2\/pages"}],"about":[{"href":"https:\/\/dmc-online.com\/wordpress\/wp-json\/wp\/v2\/types\/page"}],"author":[{"embeddable":true,"href":"https:\/\/dmc-online.com\/wordpress\/wp-json\/wp\/v2\/users\/3"}],"replies":[{"embeddable":true,"href":"https:\/\/dmc-online.com\/wordpress\/wp-json\/wp\/v2\/comments?post=1959"}],"version-history":[{"count":4,"href":"https:\/\/dmc-online.com\/wordpress\/wp-json\/wp\/v2\/pages\/1959\/revisions"}],"predecessor-version":[{"id":6236,"href":"https:\/\/dmc-online.com\/wordpress\/wp-json\/wp\/v2\/pages\/1959\/revisions\/6236"}],"up":[{"embeddable":true,"href":"https:\/\/dmc-online.com\/wordpress\/wp-json\/wp\/v2\/pages\/23"}],"wp:attachment":[{"href":"https:\/\/dmc-online.com\/wordpress\/wp-json\/wp\/v2\/media?parent=1959"}],"curies":[{"name":"wp","href":"https:\/\/api.w.org\/{rel}","templated":true}]}}