{"id":1853,"date":"2014-01-13T19:54:57","date_gmt":"2014-01-13T18:54:57","guid":{"rendered":"http:\/\/dmc-online\/wordpress\/?page_id=1853"},"modified":"2015-02-14T15:09:57","modified_gmt":"2015-02-14T14:09:57","slug":"sportkreis-sued-infos-or8","status":"publish","type":"page","link":"https:\/\/dmc-online.com\/wordpress\/sportkreise\/sportkreis-sued\/sportkreis-sued-infos-or8\/","title":{"rendered":"Infos OR8 S\u00fcd"},"content":{"rendered":"<h1 style=\"text-align: center;\"><span style=\"color: #000000;\"><span style=\"text-decoration: underline;\">Besondere<\/span><span style=\"text-decoration: underline;\"> Regelung in der Klasse Verbrenner Offroad OR8<\/span><\/span><\/h1>\n<p><span style=\"color: #000000;\">Die Sportkreismeisterschaft wird bei der Ausrichtung der Wertungsl\u00e4ufe in zwei Leistungsklassen (A=Expert, B=Hobby) getrennt und in der Gesamtrangliste zusammengef\u00fchrt. Hierzu werden die Fahrer der Klasse B-Hobby entsprechend der Platzierung innerhalb der Leistungsklasse B hinter den Fahrern der Klasse &#8222;A-Expert&#8220; plaziert. (z.B.: 50 Fahrer A, 50 Fahrer B, dann hat der 1. von B Platz 51, der 2. von B 52 usw. in der Ergebnisliste). Die Fahrer geben bei der Nennung zu den einzelnen Wertungsl\u00e4ufen jeweils an, ob sie in A (Expert) oder B (Hobby) starten.<\/span><br \/>\n<span style=\"color: #000000;\"> Die SK L\u00e4ufe (OR8, OR8EB) werden zusammen mit dem Bayerncup ausgetragen.<\/span><br \/>\n<span style=\"color: #000000;\"> In allen L\u00e4ufen werden Samstags zwei und am Sonntag mindestens 1 Vorlauf gefahren . Die Anzahl der Vorl\u00e4ufe am Sontag kann aufgrund der Starterzahl und der Wetterverh\u00e4ltnisse variieren. Die Austragungsmodi der einzelnen SK-L\u00e4ufe k\u00f6nnen voneinander abweichen.<\/span><br \/>\n<span style=\"color: #000000;\"> Verst\u00f6\u00dfe gegen Reglement Teil A 6.3 ( auch Reifenschmieren ) werden gem\u00e4\u00df Teil A 2.3.3 mit Disqualifikation bestraft.<\/span><\/p>\n","protected":false},"excerpt":{"rendered":"<p>Besondere Regelung in der Klasse Verbrenner Offroad OR8 Die Sportkreismeisterschaft wird bei der Ausrichtung der Wertungsl\u00e4ufe in zwei Leistungsklassen (A=Expert, B=Hobby) getrennt und in der Gesamtrangliste zusammengef\u00fchrt. Hierzu werden die Fahrer der Klasse B-Hobby entsprechend der Platzierung innerhalb der Leistungsklasse B hinter den Fahrern der Klasse &#8222;A-Expert&#8220; plaziert. (z.B.: 50 Fahrer A, 50 Fahrer B, [&hellip;]<\/p>\n","protected":false},"author":3,"featured_media":0,"parent":25,"menu_order":0,"comment_status":"closed","ping_status":"open","template":"page_infossk.php","meta":[],"_links":{"self":[{"href":"https:\/\/dmc-online.com\/wordpress\/wp-json\/wp\/v2\/pages\/1853"}],"collection":[{"href":"https:\/\/dmc-online.com\/wordpress\/wp-json\/wp\/v2\/pages"}],"about":[{"href":"https:\/\/dmc-online.com\/wordpress\/wp-json\/wp\/v2\/types\/page"}],"author":[{"embeddable":true,"href":"https:\/\/dmc-online.com\/wordpress\/wp-json\/wp\/v2\/users\/3"}],"replies":[{"embeddable":true,"href":"https:\/\/dmc-online.com\/wordpress\/wp-json\/wp\/v2\/comments?post=1853"}],"version-history":[{"count":5,"href":"https:\/\/dmc-online.com\/wordpress\/wp-json\/wp\/v2\/pages\/1853\/revisions"}],"predecessor-version":[{"id":3780,"href":"https:\/\/dmc-online.com\/wordpress\/wp-json\/wp\/v2\/pages\/1853\/revisions\/3780"}],"up":[{"embeddable":true,"href":"https:\/\/dmc-online.com\/wordpress\/wp-json\/wp\/v2\/pages\/25"}],"wp:attachment":[{"href":"https:\/\/dmc-online.com\/wordpress\/wp-json\/wp\/v2\/media?parent=1853"}],"curies":[{"name":"wp","href":"https:\/\/api.w.org\/{rel}","templated":true}]}}