{"id":1798,"date":"2014-01-13T17:14:43","date_gmt":"2014-01-13T16:14:43","guid":{"rendered":"http:\/\/dmc-online\/wordpress\/?page_id=1798"},"modified":"2019-05-26T22:05:44","modified_gmt":"2019-05-26T20:05:44","slug":"sportkreis-mitte-infos-vg5","status":"publish","type":"page","link":"https:\/\/dmc-online.com\/wordpress\/sportkreise\/sportkreis-mitte\/sportkreis-mitte-infos-vg5\/","title":{"rendered":"Infos VG5 Mitte"},"content":{"rendered":"<p>Veranstaltungen des 3-L\u00e4nder-Cups werden als L\u00e4ufe zur Sportkreismeisterschaft gewertet, sofern die 3-L\u00e4nder-Cup L\u00e4ufe nach dem jeweils g\u00fcltigen DMC-Reglement ausgetragen werden.Die Teilnehmer an einem Lauf des 3-L\u00e4nder-Cup, die DMC-Mitglieder sind, werden parallel als Teilnehmer eine SK-Laufes gewertet. Die Wertung erfolgt durch den Referenten Gro\u00dfmodelle des Sportkreis Mitte.<br \/>\nGewertete Klassen:<br \/>\n<span style=\"color: #3366ff;\">DMC<\/span>\u00a0 \u00a0 \u00a0 \u00a0 \u00a0 \u00a0 \u00a0 \u00a0 \u00a0 \u00a0 \u00a0<span style=\"color: #3366ff;\">3-L\u00e4nder-Cup<\/span><br \/>\nVG5TWST\u00a0 \u00a0 \u00a0 \u00a0 \u00a0 \u00a0 \u00a0Hobby<br \/>\nVG5TWMO\u00a0 \u00a0 \u00a0 \u00a0 \u00a0 \u00a0Expert<\/p>\n","protected":false},"excerpt":{"rendered":"<p>Veranstaltungen des 3-L\u00e4nder-Cups werden als L\u00e4ufe zur Sportkreismeisterschaft gewertet, sofern die 3-L\u00e4nder-Cup L\u00e4ufe nach dem jeweils g\u00fcltigen DMC-Reglement ausgetragen werden.Die Teilnehmer an einem Lauf des 3-L\u00e4nder-Cup, die DMC-Mitglieder sind, werden parallel als Teilnehmer eine SK-Laufes gewertet. Die Wertung erfolgt durch den Referenten Gro\u00dfmodelle des Sportkreis Mitte. Gewertete Klassen: DMC\u00a0 \u00a0 \u00a0 \u00a0 \u00a0 \u00a0 \u00a0 [&hellip;]<\/p>\n","protected":false},"author":3,"featured_media":0,"parent":20,"menu_order":0,"comment_status":"closed","ping_status":"closed","template":"page_infossk.php","meta":[],"_links":{"self":[{"href":"https:\/\/dmc-online.com\/wordpress\/wp-json\/wp\/v2\/pages\/1798"}],"collection":[{"href":"https:\/\/dmc-online.com\/wordpress\/wp-json\/wp\/v2\/pages"}],"about":[{"href":"https:\/\/dmc-online.com\/wordpress\/wp-json\/wp\/v2\/types\/page"}],"author":[{"embeddable":true,"href":"https:\/\/dmc-online.com\/wordpress\/wp-json\/wp\/v2\/users\/3"}],"replies":[{"embeddable":true,"href":"https:\/\/dmc-online.com\/wordpress\/wp-json\/wp\/v2\/comments?post=1798"}],"version-history":[{"count":4,"href":"https:\/\/dmc-online.com\/wordpress\/wp-json\/wp\/v2\/pages\/1798\/revisions"}],"predecessor-version":[{"id":9266,"href":"https:\/\/dmc-online.com\/wordpress\/wp-json\/wp\/v2\/pages\/1798\/revisions\/9266"}],"up":[{"embeddable":true,"href":"https:\/\/dmc-online.com\/wordpress\/wp-json\/wp\/v2\/pages\/20"}],"wp:attachment":[{"href":"https:\/\/dmc-online.com\/wordpress\/wp-json\/wp\/v2\/media?parent=1798"}],"curies":[{"name":"wp","href":"https:\/\/api.w.org\/{rel}","templated":true}]}}