{"id":1796,"date":"2014-01-13T17:11:11","date_gmt":"2014-01-13T16:11:11","guid":{"rendered":"http:\/\/dmc-online\/wordpress\/?page_id=1796"},"modified":"2019-05-26T21:54:28","modified_gmt":"2019-05-26T19:54:28","slug":"sportkreis-mitte-infos-vg","status":"publish","type":"page","link":"https:\/\/dmc-online.com\/wordpress\/sportkreise\/sportkreis-mitte\/sportkreis-mitte-infos-vg\/","title":{"rendered":"Infos VG Mitte"},"content":{"rendered":"<p><strong>Einheitlicher Austragungsmodus f\u00fcr SM-L\u00e4ufe<\/strong><\/p>\n<p><strong>Vorl\u00e4ufe<\/strong>:<\/p>\n<p>Die Vorlaufdauer kann vom Rennleiter zwischen 4-7 Minuten gesetzt werden. Der Rennleiter kann unabh\u00e4ngig von der Teilnehmerzahl entscheiden ob 3,4 oder 5 Vorl\u00e4ufe ausgetragen werden. Der Rennleiter hat dies mit der Zeitplanung abzustimmen, damit die Veranstaltung nicht wesentlich zu kurz oder zu lang wird. Der Rennleiter hat die Vorlaufklassen entsprechend der erfahrungsgem\u00e4\u00df zu erwarteten Fahrleistungen in Gruppen mit m\u00f6glichst gleich starken Fahrern einzuteilen. Alternativ kann ein Zeittraining angeboten werden, in dem die Fahrer entsprechend ihrer schnellsten Rundenzeiten in die Vorlaufgruppen sortiert werden. Hierbei k\u00f6nnen auch die schnellsten 3 oder 5 zusammenh\u00e4ngen Runden gewertet werden. Bei L\u00e4ufen zu Sportkreismeisterschaften kann keine Auszeit genommen werden. Die erneute Einf\u00fchrung von Direktqualifizierten. Die Ranglisten Pl\u00e4tze 1-4 nach dem letzten Vorlaufdurchgang sind direkt f\u00fcr das Finale qualifiziert. Die Pl\u00e4tze 5-10 ergeben sich aus den jeweiligen Halbfinalen. Die Vorlaufdauer betr\u00e4gt 4-7 Minuten auf Runden und Zeit. Den Direktqualifizierten beider Klassen ist ein Training von mindestens 10 Minuten zu gew\u00e4hren, bei dem eine Rundenzeitmessung vorgenommen wird. Diese Ergebnisse sind den Trainingsteilnehmern zug\u00e4nglich zu machen. Es wird ausdr\u00fccklich auf die Regelung vor der Umstellung verwiesen. Ein Nachtanken innerhalb der Vorlaufdauer von 4-7 Minuten ist ausdr\u00fccklich gestattet.<\/p>\n<p><strong>Streckenposten:<\/strong><\/p>\n<p>Der Veranstalter legt fest, ob mit oder ohne Streckenposten gefahren wird.<\/p>\n<p><strong>Dauer der Veranstaltung<\/strong>:<\/p>\n<p>Die Veranstaltung erstreckt sich \u00fcber 2 Tage. Am Samstag ist Training zu gew\u00e4hren, bei Bedarf kontrolliert nach Ma\u00dfstab und gegebenenfalls auch nach Fahrleistung sortiert eingeteilt. Am Sonntag finden die Wertungsl\u00e4ufe statt. Der Rennleiter kann entscheiden, dass bereits am Samstag Vorl\u00e4ufe gefahren werden. Dies ist in der Ausschreibung anzugeben und verbindlich. Finden bereits samstags Vorl\u00e4ufe statt, so m\u00fcssen mindestens 2 davon am Sonntag ausgetragen werden. Nach den Vorl\u00e4ufen am Samstag und vor den Vorl\u00e4ufen am Sonntag kann freies Training gew\u00e4hrt werden.<\/p>\n<p><strong>Saisonabschlussrennen<\/strong><br \/>\nDas Saisonabschlussrennen ist eine 2-t\u00e4gige Veranstaltung als Finale der Sportkreismeisterschaft mit Siegerehrung im VG8 \/ VG10 Scale der Gruppe Mitte und wird gestaltet wie folgt:<br \/>\nEs werden mindestens 5 Vorl\u00e4ufe und ggfs. verl\u00e4ngerte Finale gefahren. Am Samstagabend wird eine Tombola durchgef\u00fchrt, deren Organisation der Referent VG \u00fcbernimmt.<br \/>\nEine enge Zusammenarbeit mit dem ausrichten-den Verein ist von N\u00f6ten und wird sichergestellt.<br \/>\nDie Siegerehrung der Sportkreismeister findet im Anschluss an das letzte Rennen vor Ort statt und kann entsprechend gefeiert werden. Pokale werden \u00fcbergeben.<\/p>\n","protected":false},"excerpt":{"rendered":"<p>Einheitlicher Austragungsmodus f\u00fcr SM-L\u00e4ufe Vorl\u00e4ufe: Die Vorlaufdauer kann vom Rennleiter zwischen 4-7 Minuten gesetzt werden. Der Rennleiter kann unabh\u00e4ngig von der Teilnehmerzahl entscheiden ob 3,4 oder 5 Vorl\u00e4ufe ausgetragen werden. Der Rennleiter hat dies mit der Zeitplanung abzustimmen, damit die Veranstaltung nicht wesentlich zu kurz oder zu lang wird. Der Rennleiter hat die Vorlaufklassen entsprechend [&hellip;]<\/p>\n","protected":false},"author":3,"featured_media":0,"parent":20,"menu_order":0,"comment_status":"closed","ping_status":"open","template":"page_infossk.php","meta":[],"_links":{"self":[{"href":"https:\/\/dmc-online.com\/wordpress\/wp-json\/wp\/v2\/pages\/1796"}],"collection":[{"href":"https:\/\/dmc-online.com\/wordpress\/wp-json\/wp\/v2\/pages"}],"about":[{"href":"https:\/\/dmc-online.com\/wordpress\/wp-json\/wp\/v2\/types\/page"}],"author":[{"embeddable":true,"href":"https:\/\/dmc-online.com\/wordpress\/wp-json\/wp\/v2\/users\/3"}],"replies":[{"embeddable":true,"href":"https:\/\/dmc-online.com\/wordpress\/wp-json\/wp\/v2\/comments?post=1796"}],"version-history":[{"count":4,"href":"https:\/\/dmc-online.com\/wordpress\/wp-json\/wp\/v2\/pages\/1796\/revisions"}],"predecessor-version":[{"id":9261,"href":"https:\/\/dmc-online.com\/wordpress\/wp-json\/wp\/v2\/pages\/1796\/revisions\/9261"}],"up":[{"embeddable":true,"href":"https:\/\/dmc-online.com\/wordpress\/wp-json\/wp\/v2\/pages\/20"}],"wp:attachment":[{"href":"https:\/\/dmc-online.com\/wordpress\/wp-json\/wp\/v2\/media?parent=1796"}],"curies":[{"name":"wp","href":"https:\/\/api.w.org\/{rel}","templated":true}]}}