{"id":1490,"date":"2013-12-03T11:32:30","date_gmt":"2013-12-03T10:32:30","guid":{"rendered":"http:\/\/dmc-online.com\/wordpress\/?page_id=1490"},"modified":"2026-02-10T22:14:18","modified_gmt":"2026-02-10T21:14:18","slug":"ansprechpartner","status":"publish","type":"page","link":"https:\/\/dmc-online.com\/wordpress\/jugend\/ansprechpartner\/","title":{"rendered":"Ansprechpartner"},"content":{"rendered":"<p>Nachfolgend findet ihr hier die Kontaktdaten des DMC-Jugendreferenten und der Jugendreferenten f\u00fcr euren Sportkreis. Bei Fragen, Anregungen und auch Kritik stehen euch diese Ansprechpartner gerne zur Verf\u00fcgung.<\/p>\n<p><strong><span style=\"text-decoration: underline;\">DMC-Jugendreferent<\/span><\/strong><br \/>\nAnke M\u00fcller<br \/>\nHubertusstr. 6<br \/>\n57234 Wilnsdorf<br \/>\nTel.: 0170\/2489934<br \/>\nE-Mail:\u00a0<a href=\"mailto:jugendreferent@dmc-online.com\">jugendreferent@dmc-online.com<\/a><\/p>\n<p><strong><span style=\"text-decoration: underline;\">Jugendreferent Sportkreis 1\u00a0 Mitte<\/span><\/strong><br \/>\nFlorian Schimm<br \/>\nMozartstr. 39<br \/>\n64569 Nauheim<br \/>\nMobil: 0160\/8705356<br \/>\nE-Mail: <a href=\"mailto:referent-jugend@sk-mitte.dmc-online.com\">jugendreferent@sk-mitte.dmc-online.com<\/a><\/p>\n<p><b><span style=\"text-decoration: underline;\">Jugendreferent Sportkreis 2\u00a0 Nord<\/span><\/b><br \/>\nMelina Ratzlaff<br \/>\nKirchweg 63<br \/>\n24576 Henstedt-Ulzburg<br \/>\nE-Mail:\u00a0 <a href=\"mailto:jugendreferent@sk-nord.dmc-online.com\">jugendreferent@sk-nord.dmc-online.com<\/a><\/p>\n<p><b><span style=\"text-decoration: underline;\">Jugendreferent Sportkreis 3\u00a0 West<\/span><\/b><br \/>\nMonika Geistmann<br \/>\nThamannstra\u00dfe 16a<br \/>\n59073 Hamm<br \/>\nMobil:\u00a00171\/2017917<br \/>\nE-Mail: <a href=\"mailto:jugendreferent@sk-west.dmc-online.com\">jugendreferent@sk-west.dmc-online.com<\/a><\/p>\n<p><b><span style=\"text-decoration: underline;\">Jugendreferent Sportkreis 4\u00a0 S\u00fcd<\/span><\/b><br \/>\nBernd Kern<br \/>\nGartenweg 6<br \/>\n86925 Fuchstal<br \/>\nE-Mail:\u00a0 <a href=\"mailto:uwe-kluever@t-online.de\">jugendreferent@sk-sued.dmc-online.com<\/a><\/p>\n<p><b><span style=\"text-decoration: underline;\">Jugendreferent Sportkreis 5\u00a0 Ost<\/span><\/b><br \/>\nMatthias Lischke<br \/>\nWalnu\u00dfweg 23<br \/>\n39116 Magdeburg<br \/>\nFax:\u00a0039204\/866080<br \/>\nMobil: 0160\/93778564<br \/>\nE-Mail:\u00a0 <a href=\"mailto:webmaster@amc-magdeburg.de\">jugendreferent@sk-ost.dmc-online.com<\/a><\/p>\n<p><strong>Aufgaben eines Sportkreis-Jugendreferenten\u00a0 &#8222;Stellenbeschreibung&#8220;<\/strong><\/p>\n<p>Der DMC ist in f\u00fcnf Sportkreise gegliedert, in denen sich ehrenamtliche Referenten um die Belange der Sparte und der Fahrer k\u00fcmmern. Auch f\u00fcr die Sparte &#8222;Jugend&#8220; gibt es einen Referenten pro Sportkreis, deren Aufgaben wie folgt aussehen sollte:<\/p>\n<ul>\n<li>Funktion als Ansprechpartner f\u00fcr die Ortsvereine und Fahrer (Jugendliche)<\/li>\n<li>Informationen \u00fcber m\u00f6gliche Unterst\u00fctzung und F\u00f6rderungen seitens der DMC-Jugend an die Ortsvereine und deren Jugendwarte\/Jugendleiter geben.<\/li>\n<li>Ortsvereine f\u00fcr Nachwuchs- und Jugendarbeit motivieren, M\u00f6glichkeiten der Jugendarbeit aufzeigen (Schnuppertag, Jugendtraining, DMC-Jugendtage usw.)<\/li>\n<li>die Interessen der Ortsvereine und die der DMC-Jugend verbinden<\/li>\n<li>Mitarbeit in der DMC-Jugend<\/li>\n<li>Anwesenheit und Berichtsabgabe zum Sportkreistag und zum Sportbundtag (Jugendversammlung)<\/li>\n<\/ul>\n<p>Im Vordergrund steht hier die Information in beiden Richtungen (Ortsverein &gt; DMC \/ DMC &gt; Ortsverein) und die Zusammenarbeit mit dem DMC-Jugendreferenten.<\/p>\n","protected":false},"excerpt":{"rendered":"<p>Nachfolgend findet ihr hier die Kontaktdaten des DMC-Jugendreferenten und der Jugendreferenten f\u00fcr euren Sportkreis. Bei Fragen, Anregungen und auch Kritik stehen euch diese Ansprechpartner gerne zur Verf\u00fcgung. DMC-Jugendreferent Anke M\u00fcller Hubertusstr. 6 57234 Wilnsdorf Tel.: 0170\/2489934 E-Mail:\u00a0jugendreferent@dmc-online.com Jugendreferent Sportkreis 1\u00a0 Mitte Florian Schimm Mozartstr. 39 64569 Nauheim Mobil: 0160\/8705356 E-Mail: jugendreferent@sk-mitte.dmc-online.com Jugendreferent Sportkreis 2\u00a0 Nord [&hellip;]<\/p>\n","protected":false},"author":1,"featured_media":0,"parent":54,"menu_order":0,"comment_status":"closed","ping_status":"open","template":"","meta":[],"_links":{"self":[{"href":"https:\/\/dmc-online.com\/wordpress\/wp-json\/wp\/v2\/pages\/1490"}],"collection":[{"href":"https:\/\/dmc-online.com\/wordpress\/wp-json\/wp\/v2\/pages"}],"about":[{"href":"https:\/\/dmc-online.com\/wordpress\/wp-json\/wp\/v2\/types\/page"}],"author":[{"embeddable":true,"href":"https:\/\/dmc-online.com\/wordpress\/wp-json\/wp\/v2\/users\/1"}],"replies":[{"embeddable":true,"href":"https:\/\/dmc-online.com\/wordpress\/wp-json\/wp\/v2\/comments?post=1490"}],"version-history":[{"count":34,"href":"https:\/\/dmc-online.com\/wordpress\/wp-json\/wp\/v2\/pages\/1490\/revisions"}],"predecessor-version":[{"id":23495,"href":"https:\/\/dmc-online.com\/wordpress\/wp-json\/wp\/v2\/pages\/1490\/revisions\/23495"}],"up":[{"embeddable":true,"href":"https:\/\/dmc-online.com\/wordpress\/wp-json\/wp\/v2\/pages\/54"}],"wp:attachment":[{"href":"https:\/\/dmc-online.com\/wordpress\/wp-json\/wp\/v2\/media?parent=1490"}],"curies":[{"name":"wp","href":"https:\/\/api.w.org\/{rel}","templated":true}]}}